{"id":548,"date":"2024-12-12T12:51:17","date_gmt":"2024-12-12T12:51:17","guid":{"rendered":"https:\/\/zendawave.com\/?post_type=product&#038;p=548"},"modified":"2024-12-14T19:42:46","modified_gmt":"2024-12-14T19:42:46","slug":"zendawave-tier-amulett","status":"publish","type":"product","link":"https:\/\/www.zendawave.com\/?product=zendawave-tier-amulett","title":{"rendered":"Zendawave Tier-Amulett"},"content":{"rendered":"<p>ZendaWave \u00a0Animal,<\/p>\n<p>wir haben soviel positive R\u00fcckmeldungen erhalten von unserer ZendaWave Plate , das wir uns Gedanken gemacht haben was k\u00f6nnen wir zum Schutz von Tieren machen. Es hat nat\u00fcrlich auch einige Zeit in Anspruch genommen , da es kleiner gefertigt werden muste und wir nach einigen Versuchen es dann erfolgreich produzieren konnten .<\/p>\n<p>Wellness und positive Waves f\u00fcr Ihren treuen Begleiter oder Ihr Haustier.<span class=\"Apple-converted-space\">\u00a0 <\/span>Original nach Lakhovsky gefertigt.<\/p>\n<ul>\n<li>Der Zenda Wave f\u00fcr Tiere ist handgefertigt aus Kristallglas und im inneren mit den echten Kupfer- oszillierende Antennenringen,<br \/>\noriginal nach Nicola Tesla &amp; George Lakhovsky gearbeitet.<\/li>\n<li>Das Amulett ist<span class=\"Apple-converted-space\">\u00a0 <\/span>zum Schutz mit einer Kunstoff Fassung versehen und kann mit dem Minikarabiner direkt am Halsband befestigt werden.<\/li>\n<li>Es ist ein wunderbares Produkt, um Menschen und Tiere mit positiven Schwingungen, Frequenzen zu versorgen.<\/li>\n<li>Die in dem ZendaWave Anh\u00e4nger einarbeitende Ringe k\u00f6nnen in Echtzeit empfangen und senden. ZendaWave reagiert auf die kleinste<br \/>\nEnergie\u00e4nderung und erzeugt eine Induktion. Dieses Feld wirkt besonders polarisierend und energetisch.<\/li>\n<li>Jedes Medium wie z.B. Fl\u00fcssigkeiten, Lebensmittel, Pflanzen und auch Menschen und Tiere haben ihr eigenes Feld und \u00fcbertragen Informationen.<br \/>\nZendaWave \u00a0reagiert darauf durch Induktion, Umkehrung und sendet ein breites Spektrum an Frequenzen .<\/li>\n<li>Ihr ZendaWave ist stets aktiv, sie invertiert st\u00e4ndig Informationen und sendet sie polarisiert zur\u00fcck.<\/li>\n<li>Die Umgebung ist so voll von negativen Schwingungen und braucht einen positiven Ausgleich.<\/li>\n<li>Sie k\u00f6nnen Ihren Anh\u00e4nger auch selbst benutzen und ihn in die Hosentasche stecken.<\/li>\n<\/ul>\n<p>Die Ma\u00dfe 35x35x10mm-<\/p>\n<p>Wie alle Zendawave Produkte komplett <span style=\"color: #008000;\">Made in Germany.<\/span><\/p>\n","protected":false},"excerpt":{"rendered":"<p>Wellness und positive Waves f\u00fcr Ihren treuen Begleiter oder Ihr Haustier.<span class=\"Apple-converted-space\">\u00a0 <\/span>Original nach Lakhovsky gefertigt.<\/p>\n","protected":false},"featured_media":256,"comment_status":"open","ping_status":"closed","template":"","meta":[],"product_brand":[],"product_cat":[27],"product_tag":[],"class_list":{"0":"post-548","1":"product","2":"type-product","3":"status-publish","4":"has-post-thumbnail","6":"product_cat-fitness-health-produkte","8":"first","9":"instock","10":"taxable","11":"shipping-taxable","12":"purchasable","13":"product-type-simple"},"yoast_head":"<!-- This site is optimized with the Yoast SEO Premium plugin v26.2 (Yoast SEO v26.8) - https:\/\/yoast.com\/product\/yoast-seo-premium-wordpress\/ -->\n<title>Zendawave Tier-Amulett - Zendawave<\/title>\n<meta name=\"robots\" content=\"index, follow, max-snippet:-1, max-image-preview:large, max-video-preview:-1\" \/>\n<link rel=\"canonical\" href=\"https:\/\/www.zendawave.com\/?product=zendawave-tier-amulett\" \/>\n<meta property=\"og:locale\" content=\"de_DE\" \/>\n<meta property=\"og:type\" content=\"article\" \/>\n<meta property=\"og:title\" content=\"Zendawave Tier-Amulett\" \/>\n<meta property=\"og:description\" content=\"Wellness und positive Waves f\u00fcr Ihren treuen Begleiter oder Ihr Haustier.\u00a0 Original nach Lakhovsky gefertigt.\" \/>\n<meta property=\"og:url\" content=\"https:\/\/www.zendawave.com\/?product=zendawave-tier-amulett\" \/>\n<meta property=\"og:site_name\" content=\"Zendawave\" \/>\n<meta property=\"article:modified_time\" content=\"2024-12-14T19:42:46+00:00\" \/>\n<meta property=\"og:image\" content=\"https:\/\/www.zendawave.com\/wp-content\/uploads\/2024\/12\/IMG_20241211_121135_HDR-scaled.webp\" \/>\n\t<meta property=\"og:image:width\" content=\"1446\" \/>\n\t<meta property=\"og:image:height\" content=\"1920\" \/>\n\t<meta property=\"og:image:type\" content=\"image\/webp\" \/>\n<meta name=\"twitter:card\" content=\"summary_large_image\" \/>\n<meta name=\"twitter:label1\" content=\"Gesch\u00e4tzte Lesezeit\" \/>\n\t<meta name=\"twitter:data1\" content=\"2\u00a0Minuten\" \/>\n<script type=\"application\/ld+json\" class=\"yoast-schema-graph\">{\"@context\":\"https:\/\/schema.org\",\"@graph\":[{\"@type\":\"WebPage\",\"@id\":\"https:\/\/www.zendawave.com\/?product=zendawave-tier-amulett\",\"url\":\"https:\/\/www.zendawave.com\/?product=zendawave-tier-amulett\",\"name\":\"Zendawave Tier-Amulett - Zendawave\",\"isPartOf\":{\"@id\":\"https:\/\/www.zendawave.com\/#website\"},\"primaryImageOfPage\":{\"@id\":\"https:\/\/www.zendawave.com\/?product=zendawave-tier-amulett#primaryimage\"},\"image\":{\"@id\":\"https:\/\/www.zendawave.com\/?product=zendawave-tier-amulett#primaryimage\"},\"thumbnailUrl\":\"https:\/\/i0.wp.com\/www.zendawave.com\/wp-content\/uploads\/2024\/12\/IMG_20241211_121135_HDR-scaled.webp?fit=1446%2C1920&ssl=1\",\"datePublished\":\"2024-12-12T12:51:17+00:00\",\"dateModified\":\"2024-12-14T19:42:46+00:00\",\"breadcrumb\":{\"@id\":\"https:\/\/www.zendawave.com\/?product=zendawave-tier-amulett#breadcrumb\"},\"inLanguage\":\"de\",\"potentialAction\":[{\"@type\":\"ReadAction\",\"target\":[\"https:\/\/www.zendawave.com\/?product=zendawave-tier-amulett\"]}]},{\"@type\":\"ImageObject\",\"inLanguage\":\"de\",\"@id\":\"https:\/\/www.zendawave.com\/?product=zendawave-tier-amulett#primaryimage\",\"url\":\"https:\/\/i0.wp.com\/www.zendawave.com\/wp-content\/uploads\/2024\/12\/IMG_20241211_121135_HDR-scaled.webp?fit=1446%2C1920&ssl=1\",\"contentUrl\":\"https:\/\/i0.wp.com\/www.zendawave.com\/wp-content\/uploads\/2024\/12\/IMG_20241211_121135_HDR-scaled.webp?fit=1446%2C1920&ssl=1\",\"width\":1446,\"height\":1920},{\"@type\":\"BreadcrumbList\",\"@id\":\"https:\/\/www.zendawave.com\/?product=zendawave-tier-amulett#breadcrumb\",\"itemListElement\":[{\"@type\":\"ListItem\",\"position\":1,\"name\":\"Startseite\",\"item\":\"https:\/\/www.zendawave.com\/\"},{\"@type\":\"ListItem\",\"position\":2,\"name\":\"Shop\",\"item\":\"https:\/\/www.zendawave.com\/?page_id=86\"},{\"@type\":\"ListItem\",\"position\":3,\"name\":\"Zendawave Tier-Amulett\"}]},{\"@type\":\"WebSite\",\"@id\":\"https:\/\/www.zendawave.com\/#website\",\"url\":\"https:\/\/www.zendawave.com\/\",\"name\":\"Zendawave\",\"description\":\"Hochwertige Wellness &amp; Gesundheitsartikel\",\"publisher\":{\"@id\":\"https:\/\/www.zendawave.com\/#organization\"},\"potentialAction\":[{\"@type\":\"SearchAction\",\"target\":{\"@type\":\"EntryPoint\",\"urlTemplate\":\"https:\/\/www.zendawave.com\/?s={search_term_string}\"},\"query-input\":{\"@type\":\"PropertyValueSpecification\",\"valueRequired\":true,\"valueName\":\"search_term_string\"}}],\"inLanguage\":\"de\"},{\"@type\":\"Organization\",\"@id\":\"https:\/\/www.zendawave.com\/#organization\",\"name\":\"Zendawave\",\"url\":\"https:\/\/www.zendawave.com\/\",\"logo\":{\"@type\":\"ImageObject\",\"inLanguage\":\"de\",\"@id\":\"https:\/\/www.zendawave.com\/#\/schema\/logo\/image\/\",\"url\":\"https:\/\/i0.wp.com\/www.zendawave.com\/wp-content\/uploads\/2024\/12\/Logo_final.png?fit=1066%2C159&ssl=1\",\"contentUrl\":\"https:\/\/i0.wp.com\/www.zendawave.com\/wp-content\/uploads\/2024\/12\/Logo_final.png?fit=1066%2C159&ssl=1\",\"width\":1066,\"height\":159,\"caption\":\"Zendawave\"},\"image\":{\"@id\":\"https:\/\/www.zendawave.com\/#\/schema\/logo\/image\/\"},\"description\":\"Herstellung & Produktion von hochwertigen Glas & Laserprodukten\",\"email\":\"support@zendawave.com\",\"telephone\":\"+49 39401632650\",\"legalName\":\"Ikoha Import & Export GmbH\",\"vatID\":\"DE136770671\",\"numberOfEmployees\":{\"@type\":\"QuantitativeValue\",\"minValue\":\"1\",\"maxValue\":\"10\"}}]}<\/script>\n<!-- \/ Yoast SEO Premium plugin. -->","yoast_head_json":{"title":"Zendawave Tier-Amulett - Zendawave","robots":{"index":"index","follow":"follow","max-snippet":"max-snippet:-1","max-image-preview":"max-image-preview:large","max-video-preview":"max-video-preview:-1"},"canonical":"https:\/\/www.zendawave.com\/?product=zendawave-tier-amulett","og_locale":"de_DE","og_type":"article","og_title":"Zendawave Tier-Amulett","og_description":"Wellness und positive Waves f\u00fcr Ihren treuen Begleiter oder Ihr Haustier.\u00a0 Original nach Lakhovsky gefertigt.","og_url":"https:\/\/www.zendawave.com\/?product=zendawave-tier-amulett","og_site_name":"Zendawave","article_modified_time":"2024-12-14T19:42:46+00:00","og_image":[{"width":1446,"height":1920,"url":"https:\/\/www.zendawave.com\/wp-content\/uploads\/2024\/12\/IMG_20241211_121135_HDR-scaled.webp","type":"image\/webp"}],"twitter_card":"summary_large_image","twitter_misc":{"Gesch\u00e4tzte Lesezeit":"2\u00a0Minuten"},"schema":{"@context":"https:\/\/schema.org","@graph":[{"@type":"WebPage","@id":"https:\/\/www.zendawave.com\/?product=zendawave-tier-amulett","url":"https:\/\/www.zendawave.com\/?product=zendawave-tier-amulett","name":"Zendawave Tier-Amulett - Zendawave","isPartOf":{"@id":"https:\/\/www.zendawave.com\/#website"},"primaryImageOfPage":{"@id":"https:\/\/www.zendawave.com\/?product=zendawave-tier-amulett#primaryimage"},"image":{"@id":"https:\/\/www.zendawave.com\/?product=zendawave-tier-amulett#primaryimage"},"thumbnailUrl":"https:\/\/i0.wp.com\/www.zendawave.com\/wp-content\/uploads\/2024\/12\/IMG_20241211_121135_HDR-scaled.webp?fit=1446%2C1920&ssl=1","datePublished":"2024-12-12T12:51:17+00:00","dateModified":"2024-12-14T19:42:46+00:00","breadcrumb":{"@id":"https:\/\/www.zendawave.com\/?product=zendawave-tier-amulett#breadcrumb"},"inLanguage":"de","potentialAction":[{"@type":"ReadAction","target":["https:\/\/www.zendawave.com\/?product=zendawave-tier-amulett"]}]},{"@type":"ImageObject","inLanguage":"de","@id":"https:\/\/www.zendawave.com\/?product=zendawave-tier-amulett#primaryimage","url":"https:\/\/i0.wp.com\/www.zendawave.com\/wp-content\/uploads\/2024\/12\/IMG_20241211_121135_HDR-scaled.webp?fit=1446%2C1920&ssl=1","contentUrl":"https:\/\/i0.wp.com\/www.zendawave.com\/wp-content\/uploads\/2024\/12\/IMG_20241211_121135_HDR-scaled.webp?fit=1446%2C1920&ssl=1","width":1446,"height":1920},{"@type":"BreadcrumbList","@id":"https:\/\/www.zendawave.com\/?product=zendawave-tier-amulett#breadcrumb","itemListElement":[{"@type":"ListItem","position":1,"name":"Startseite","item":"https:\/\/www.zendawave.com\/"},{"@type":"ListItem","position":2,"name":"Shop","item":"https:\/\/www.zendawave.com\/?page_id=86"},{"@type":"ListItem","position":3,"name":"Zendawave Tier-Amulett"}]},{"@type":"WebSite","@id":"https:\/\/www.zendawave.com\/#website","url":"https:\/\/www.zendawave.com\/","name":"Zendawave","description":"Hochwertige Wellness &amp; Gesundheitsartikel","publisher":{"@id":"https:\/\/www.zendawave.com\/#organization"},"potentialAction":[{"@type":"SearchAction","target":{"@type":"EntryPoint","urlTemplate":"https:\/\/www.zendawave.com\/?s={search_term_string}"},"query-input":{"@type":"PropertyValueSpecification","valueRequired":true,"valueName":"search_term_string"}}],"inLanguage":"de"},{"@type":"Organization","@id":"https:\/\/www.zendawave.com\/#organization","name":"Zendawave","url":"https:\/\/www.zendawave.com\/","logo":{"@type":"ImageObject","inLanguage":"de","@id":"https:\/\/www.zendawave.com\/#\/schema\/logo\/image\/","url":"https:\/\/i0.wp.com\/www.zendawave.com\/wp-content\/uploads\/2024\/12\/Logo_final.png?fit=1066%2C159&ssl=1","contentUrl":"https:\/\/i0.wp.com\/www.zendawave.com\/wp-content\/uploads\/2024\/12\/Logo_final.png?fit=1066%2C159&ssl=1","width":1066,"height":159,"caption":"Zendawave"},"image":{"@id":"https:\/\/www.zendawave.com\/#\/schema\/logo\/image\/"},"description":"Herstellung & Produktion von hochwertigen Glas & Laserprodukten","email":"support@zendawave.com","telephone":"+49 39401632650","legalName":"Ikoha Import & Export GmbH","vatID":"DE136770671","numberOfEmployees":{"@type":"QuantitativeValue","minValue":"1","maxValue":"10"}}]}},"jetpack_sharing_enabled":true,"_links":{"self":[{"href":"https:\/\/www.zendawave.com\/index.php?rest_route=\/wp\/v2\/product\/548","targetHints":{"allow":["GET"]}}],"collection":[{"href":"https:\/\/www.zendawave.com\/index.php?rest_route=\/wp\/v2\/product"}],"about":[{"href":"https:\/\/www.zendawave.com\/index.php?rest_route=\/wp\/v2\/types\/product"}],"replies":[{"embeddable":true,"href":"https:\/\/www.zendawave.com\/index.php?rest_route=%2Fwp%2Fv2%2Fcomments&post=548"}],"version-history":[{"count":4,"href":"https:\/\/www.zendawave.com\/index.php?rest_route=\/wp\/v2\/product\/548\/revisions"}],"predecessor-version":[{"id":675,"href":"https:\/\/www.zendawave.com\/index.php?rest_route=\/wp\/v2\/product\/548\/revisions\/675"}],"wp:featuredmedia":[{"embeddable":true,"href":"https:\/\/www.zendawave.com\/index.php?rest_route=\/wp\/v2\/media\/256"}],"wp:attachment":[{"href":"https:\/\/www.zendawave.com\/index.php?rest_route=%2Fwp%2Fv2%2Fmedia&parent=548"}],"wp:term":[{"taxonomy":"product_brand","embeddable":true,"href":"https:\/\/www.zendawave.com\/index.php?rest_route=%2Fwp%2Fv2%2Fproduct_brand&post=548"},{"taxonomy":"product_cat","embeddable":true,"href":"https:\/\/www.zendawave.com\/index.php?rest_route=%2Fwp%2Fv2%2Fproduct_cat&post=548"},{"taxonomy":"product_tag","embeddable":true,"href":"https:\/\/www.zendawave.com\/index.php?rest_route=%2Fwp%2Fv2%2Fproduct_tag&post=548"}],"curies":[{"name":"wp","href":"https:\/\/api.w.org\/{rel}","templated":true}]}}