{"id":458,"date":"2024-12-12T00:42:42","date_gmt":"2024-12-12T00:42:42","guid":{"rendered":"https:\/\/zendawave.com\/?post_type=product&#038;p=458"},"modified":"2024-12-14T17:37:13","modified_gmt":"2024-12-14T17:37:13","slug":"zendawave-medallion","status":"publish","type":"product","link":"https:\/\/www.zendawave.com\/?product=zendawave-medallion","title":{"rendered":"Zendawave Medallion"},"content":{"rendered":"<p>Der ZendaWave Pendant wird in Deutschland in einem aufwendigen Verfahren hergestellt. So das mit den\u00a0 kleinen\u00a0 Kupferantennen , original nach Lakhovsky gearbeitet, alle Frequenzen zur Vitalisierung empfangen\u00a0 werden k\u00f6nnen.<\/p>\n<p>Sie sind luftdicht in Glas eingebettet und darin verschlossen.<\/p>\n<p>Das ZendaWave\u00a0 Amulett\u00a0 wird mit einem Ros\u00e9 vergoldeten Anh\u00e4nger und Echtheits-Zertifikat geliefert.<\/p>\n<ul>\n<li>Es ist ein wunderbares Produkt, um Menschen und Tiere mit positiven Schwingungen, Frequenzen zu versorgen.<\/li>\n<li>Die in der ZendaWave Amulett einarbeitende Ringe k\u00f6nnen in Echtzeit empfangen und senden. Das\u00a0 ZendaWave Plate reagiert auf die kleinste Energie\u00e4nderung und erzeugt eine Induktion. Dieses Feld wirkt besonders polarisierend und energetisch.<\/li>\n<li>Jedes Medium wie z.B. Fl\u00fcssigkeiten, Lebensmittel, Pflanzen und auch Menschen und Tiere haben ihr eigenes Feld und \u00fcbertragen Informationen.<\/li>\n<li>Das\u00a0 ZendaWave Amulett reagiert darauf durch Induktion, Umkehrung und sendet ein breites Spektrum an Frequenzen aus.<\/li>\n<li>Es ist stets aktiv,\u00a0 invertiert st\u00e4ndig Informationen und sendet sie polarisiert zur\u00fcck.<\/li>\n<li>Die Umgebung ist so voll von negativen Schwingungen. Denken Sie nur an all die drahtlosen Systeme, die sich im Haus, auf der Stra\u00dfe, oder am<br \/>\nArbeitsplatz befinden.<\/li>\n<li>Daf\u00fcr haben wir dieses tragbares Amulett entwickelt, auch f\u00fcr Tiere. Damit tragen Sie stets die positiven Schwingungen direkt am K\u00f6rper oder in Ihrer Hosentasche.<\/li>\n<li>Legen Sie die ZendaWave Plate auf eine schmerzhafte Stelle oder auf den Solarplexus und Sie werden sich entspannen.<\/li>\n<li><strong>Hinweis :<\/strong><br \/>\nSie k\u00f6nnen die ZendaWave jederzeit unter klarem Wasser reinigen, bitte achten Sie immer darauf, dass die ZendaWave Plate dann in einem trockenen<br \/>\nZustand ist .Sie k\u00f6nnen beide Seiten der ZendaWave Plate verwenden. Sie k\u00f6nnen es in einer kleinen Tasche oder auch Hosentasche bei sich tragen<br \/>\noder einer Stelle an Ihrem K\u00f6rper.<\/li>\n<\/ul>\n","protected":false},"excerpt":{"rendered":"<p>Ihr pers\u00f6nlicher Schutz und Gl\u00fccksbringer<\/p>\n","protected":false},"featured_media":173,"comment_status":"open","ping_status":"closed","template":"","meta":[],"product_brand":[],"product_cat":[27],"product_tag":[],"class_list":{"0":"post-458","1":"product","2":"type-product","3":"status-publish","4":"has-post-thumbnail","6":"product_cat-fitness-health-produkte","8":"first","9":"instock","10":"taxable","11":"shipping-taxable","12":"purchasable","13":"product-type-simple"},"yoast_head":"<!-- This site is optimized with the Yoast SEO Premium plugin v26.2 (Yoast SEO v26.8) - https:\/\/yoast.com\/product\/yoast-seo-premium-wordpress\/ -->\n<title>Zendawave Medallion - Zendawave<\/title>\n<meta name=\"robots\" content=\"index, follow, max-snippet:-1, max-image-preview:large, max-video-preview:-1\" \/>\n<link rel=\"canonical\" href=\"https:\/\/www.zendawave.com\/?product=zendawave-medallion\" \/>\n<meta property=\"og:locale\" content=\"de_DE\" \/>\n<meta property=\"og:type\" content=\"article\" \/>\n<meta property=\"og:title\" content=\"Zendawave Medallion\" \/>\n<meta property=\"og:description\" content=\"Ihr pers\u00f6nlicher Schutz und Gl\u00fccksbringer\" \/>\n<meta property=\"og:url\" content=\"https:\/\/www.zendawave.com\/?product=zendawave-medallion\" \/>\n<meta property=\"og:site_name\" content=\"Zendawave\" \/>\n<meta property=\"article:modified_time\" content=\"2024-12-14T17:37:13+00:00\" \/>\n<meta property=\"og:image\" content=\"https:\/\/www.zendawave.com\/wp-content\/uploads\/2024\/12\/AmulettSW-scaled.webp\" \/>\n\t<meta property=\"og:image:width\" content=\"1920\" \/>\n\t<meta property=\"og:image:height\" content=\"1275\" \/>\n\t<meta property=\"og:image:type\" content=\"image\/webp\" \/>\n<meta name=\"twitter:card\" content=\"summary_large_image\" \/>\n<meta name=\"twitter:label1\" content=\"Gesch\u00e4tzte Lesezeit\" \/>\n\t<meta name=\"twitter:data1\" content=\"2\u00a0Minuten\" \/>\n<script type=\"application\/ld+json\" class=\"yoast-schema-graph\">{\"@context\":\"https:\/\/schema.org\",\"@graph\":[{\"@type\":\"WebPage\",\"@id\":\"https:\/\/www.zendawave.com\/?product=zendawave-medallion\",\"url\":\"https:\/\/www.zendawave.com\/?product=zendawave-medallion\",\"name\":\"Zendawave Medallion - Zendawave\",\"isPartOf\":{\"@id\":\"https:\/\/www.zendawave.com\/#website\"},\"primaryImageOfPage\":{\"@id\":\"https:\/\/www.zendawave.com\/?product=zendawave-medallion#primaryimage\"},\"image\":{\"@id\":\"https:\/\/www.zendawave.com\/?product=zendawave-medallion#primaryimage\"},\"thumbnailUrl\":\"https:\/\/i0.wp.com\/www.zendawave.com\/wp-content\/uploads\/2024\/12\/AmulettSW-scaled.webp?fit=1920%2C1275&ssl=1\",\"datePublished\":\"2024-12-12T00:42:42+00:00\",\"dateModified\":\"2024-12-14T17:37:13+00:00\",\"breadcrumb\":{\"@id\":\"https:\/\/www.zendawave.com\/?product=zendawave-medallion#breadcrumb\"},\"inLanguage\":\"de\",\"potentialAction\":[{\"@type\":\"ReadAction\",\"target\":[\"https:\/\/www.zendawave.com\/?product=zendawave-medallion\"]}]},{\"@type\":\"ImageObject\",\"inLanguage\":\"de\",\"@id\":\"https:\/\/www.zendawave.com\/?product=zendawave-medallion#primaryimage\",\"url\":\"https:\/\/i0.wp.com\/www.zendawave.com\/wp-content\/uploads\/2024\/12\/AmulettSW-scaled.webp?fit=1920%2C1275&ssl=1\",\"contentUrl\":\"https:\/\/i0.wp.com\/www.zendawave.com\/wp-content\/uploads\/2024\/12\/AmulettSW-scaled.webp?fit=1920%2C1275&ssl=1\",\"width\":1920,\"height\":1275,\"caption\":\"Zendawave Amulett\"},{\"@type\":\"BreadcrumbList\",\"@id\":\"https:\/\/www.zendawave.com\/?product=zendawave-medallion#breadcrumb\",\"itemListElement\":[{\"@type\":\"ListItem\",\"position\":1,\"name\":\"Startseite\",\"item\":\"https:\/\/www.zendawave.com\/\"},{\"@type\":\"ListItem\",\"position\":2,\"name\":\"Shop\",\"item\":\"https:\/\/www.zendawave.com\/?page_id=86\"},{\"@type\":\"ListItem\",\"position\":3,\"name\":\"Zendawave Medallion\"}]},{\"@type\":\"WebSite\",\"@id\":\"https:\/\/www.zendawave.com\/#website\",\"url\":\"https:\/\/www.zendawave.com\/\",\"name\":\"Zendawave\",\"description\":\"Hochwertige Wellness &amp; Gesundheitsartikel\",\"publisher\":{\"@id\":\"https:\/\/www.zendawave.com\/#organization\"},\"potentialAction\":[{\"@type\":\"SearchAction\",\"target\":{\"@type\":\"EntryPoint\",\"urlTemplate\":\"https:\/\/www.zendawave.com\/?s={search_term_string}\"},\"query-input\":{\"@type\":\"PropertyValueSpecification\",\"valueRequired\":true,\"valueName\":\"search_term_string\"}}],\"inLanguage\":\"de\"},{\"@type\":\"Organization\",\"@id\":\"https:\/\/www.zendawave.com\/#organization\",\"name\":\"Zendawave\",\"url\":\"https:\/\/www.zendawave.com\/\",\"logo\":{\"@type\":\"ImageObject\",\"inLanguage\":\"de\",\"@id\":\"https:\/\/www.zendawave.com\/#\/schema\/logo\/image\/\",\"url\":\"https:\/\/i0.wp.com\/www.zendawave.com\/wp-content\/uploads\/2024\/12\/Logo_final.png?fit=1066%2C159&ssl=1\",\"contentUrl\":\"https:\/\/i0.wp.com\/www.zendawave.com\/wp-content\/uploads\/2024\/12\/Logo_final.png?fit=1066%2C159&ssl=1\",\"width\":1066,\"height\":159,\"caption\":\"Zendawave\"},\"image\":{\"@id\":\"https:\/\/www.zendawave.com\/#\/schema\/logo\/image\/\"},\"description\":\"Herstellung & Produktion von hochwertigen Glas & Laserprodukten\",\"email\":\"support@zendawave.com\",\"telephone\":\"+49 39401632650\",\"legalName\":\"Ikoha Import & Export GmbH\",\"vatID\":\"DE136770671\",\"numberOfEmployees\":{\"@type\":\"QuantitativeValue\",\"minValue\":\"1\",\"maxValue\":\"10\"}}]}<\/script>\n<!-- \/ Yoast SEO Premium plugin. -->","yoast_head_json":{"title":"Zendawave Medallion - Zendawave","robots":{"index":"index","follow":"follow","max-snippet":"max-snippet:-1","max-image-preview":"max-image-preview:large","max-video-preview":"max-video-preview:-1"},"canonical":"https:\/\/www.zendawave.com\/?product=zendawave-medallion","og_locale":"de_DE","og_type":"article","og_title":"Zendawave Medallion","og_description":"Ihr pers\u00f6nlicher Schutz und Gl\u00fccksbringer","og_url":"https:\/\/www.zendawave.com\/?product=zendawave-medallion","og_site_name":"Zendawave","article_modified_time":"2024-12-14T17:37:13+00:00","og_image":[{"width":1920,"height":1275,"url":"https:\/\/www.zendawave.com\/wp-content\/uploads\/2024\/12\/AmulettSW-scaled.webp","type":"image\/webp"}],"twitter_card":"summary_large_image","twitter_misc":{"Gesch\u00e4tzte Lesezeit":"2\u00a0Minuten"},"schema":{"@context":"https:\/\/schema.org","@graph":[{"@type":"WebPage","@id":"https:\/\/www.zendawave.com\/?product=zendawave-medallion","url":"https:\/\/www.zendawave.com\/?product=zendawave-medallion","name":"Zendawave Medallion - Zendawave","isPartOf":{"@id":"https:\/\/www.zendawave.com\/#website"},"primaryImageOfPage":{"@id":"https:\/\/www.zendawave.com\/?product=zendawave-medallion#primaryimage"},"image":{"@id":"https:\/\/www.zendawave.com\/?product=zendawave-medallion#primaryimage"},"thumbnailUrl":"https:\/\/i0.wp.com\/www.zendawave.com\/wp-content\/uploads\/2024\/12\/AmulettSW-scaled.webp?fit=1920%2C1275&ssl=1","datePublished":"2024-12-12T00:42:42+00:00","dateModified":"2024-12-14T17:37:13+00:00","breadcrumb":{"@id":"https:\/\/www.zendawave.com\/?product=zendawave-medallion#breadcrumb"},"inLanguage":"de","potentialAction":[{"@type":"ReadAction","target":["https:\/\/www.zendawave.com\/?product=zendawave-medallion"]}]},{"@type":"ImageObject","inLanguage":"de","@id":"https:\/\/www.zendawave.com\/?product=zendawave-medallion#primaryimage","url":"https:\/\/i0.wp.com\/www.zendawave.com\/wp-content\/uploads\/2024\/12\/AmulettSW-scaled.webp?fit=1920%2C1275&ssl=1","contentUrl":"https:\/\/i0.wp.com\/www.zendawave.com\/wp-content\/uploads\/2024\/12\/AmulettSW-scaled.webp?fit=1920%2C1275&ssl=1","width":1920,"height":1275,"caption":"Zendawave Amulett"},{"@type":"BreadcrumbList","@id":"https:\/\/www.zendawave.com\/?product=zendawave-medallion#breadcrumb","itemListElement":[{"@type":"ListItem","position":1,"name":"Startseite","item":"https:\/\/www.zendawave.com\/"},{"@type":"ListItem","position":2,"name":"Shop","item":"https:\/\/www.zendawave.com\/?page_id=86"},{"@type":"ListItem","position":3,"name":"Zendawave Medallion"}]},{"@type":"WebSite","@id":"https:\/\/www.zendawave.com\/#website","url":"https:\/\/www.zendawave.com\/","name":"Zendawave","description":"Hochwertige Wellness &amp; Gesundheitsartikel","publisher":{"@id":"https:\/\/www.zendawave.com\/#organization"},"potentialAction":[{"@type":"SearchAction","target":{"@type":"EntryPoint","urlTemplate":"https:\/\/www.zendawave.com\/?s={search_term_string}"},"query-input":{"@type":"PropertyValueSpecification","valueRequired":true,"valueName":"search_term_string"}}],"inLanguage":"de"},{"@type":"Organization","@id":"https:\/\/www.zendawave.com\/#organization","name":"Zendawave","url":"https:\/\/www.zendawave.com\/","logo":{"@type":"ImageObject","inLanguage":"de","@id":"https:\/\/www.zendawave.com\/#\/schema\/logo\/image\/","url":"https:\/\/i0.wp.com\/www.zendawave.com\/wp-content\/uploads\/2024\/12\/Logo_final.png?fit=1066%2C159&ssl=1","contentUrl":"https:\/\/i0.wp.com\/www.zendawave.com\/wp-content\/uploads\/2024\/12\/Logo_final.png?fit=1066%2C159&ssl=1","width":1066,"height":159,"caption":"Zendawave"},"image":{"@id":"https:\/\/www.zendawave.com\/#\/schema\/logo\/image\/"},"description":"Herstellung & Produktion von hochwertigen Glas & Laserprodukten","email":"support@zendawave.com","telephone":"+49 39401632650","legalName":"Ikoha Import & Export GmbH","vatID":"DE136770671","numberOfEmployees":{"@type":"QuantitativeValue","minValue":"1","maxValue":"10"}}]}},"jetpack_sharing_enabled":true,"_links":{"self":[{"href":"https:\/\/www.zendawave.com\/index.php?rest_route=\/wp\/v2\/product\/458","targetHints":{"allow":["GET"]}}],"collection":[{"href":"https:\/\/www.zendawave.com\/index.php?rest_route=\/wp\/v2\/product"}],"about":[{"href":"https:\/\/www.zendawave.com\/index.php?rest_route=\/wp\/v2\/types\/product"}],"replies":[{"embeddable":true,"href":"https:\/\/www.zendawave.com\/index.php?rest_route=%2Fwp%2Fv2%2Fcomments&post=458"}],"version-history":[{"count":3,"href":"https:\/\/www.zendawave.com\/index.php?rest_route=\/wp\/v2\/product\/458\/revisions"}],"predecessor-version":[{"id":500,"href":"https:\/\/www.zendawave.com\/index.php?rest_route=\/wp\/v2\/product\/458\/revisions\/500"}],"wp:featuredmedia":[{"embeddable":true,"href":"https:\/\/www.zendawave.com\/index.php?rest_route=\/wp\/v2\/media\/173"}],"wp:attachment":[{"href":"https:\/\/www.zendawave.com\/index.php?rest_route=%2Fwp%2Fv2%2Fmedia&parent=458"}],"wp:term":[{"taxonomy":"product_brand","embeddable":true,"href":"https:\/\/www.zendawave.com\/index.php?rest_route=%2Fwp%2Fv2%2Fproduct_brand&post=458"},{"taxonomy":"product_cat","embeddable":true,"href":"https:\/\/www.zendawave.com\/index.php?rest_route=%2Fwp%2Fv2%2Fproduct_cat&post=458"},{"taxonomy":"product_tag","embeddable":true,"href":"https:\/\/www.zendawave.com\/index.php?rest_route=%2Fwp%2Fv2%2Fproduct_tag&post=458"}],"curies":[{"name":"wp","href":"https:\/\/api.w.org\/{rel}","templated":true}]}}