{"id":448,"date":"2024-12-11T23:42:06","date_gmt":"2024-12-11T23:42:06","guid":{"rendered":"https:\/\/zendawave.com\/?post_type=product&#038;p=448"},"modified":"2024-12-15T15:34:47","modified_gmt":"2024-12-15T15:34:47","slug":"zendawave-plate-3","status":"publish","type":"product","link":"https:\/\/www.zendawave.com\/?product=zendawave-plate-3","title":{"rendered":"Zendawave Plate"},"content":{"rendered":"<ul>\n<li>Die Zenda Wave Plate ist handgefertigt aus Kristallglas und im inneren mit den echten Kupfer- oszillierende Antennenringen,<br \/>\noriginal nach Nicola Tesla &amp; George Lakhovsky gearbeitet.<\/li>\n<li>Sie ist ein wunderbares Produkt, um Menschen und Tiere mit positiven Schwingungen, Frequenzen zu versorgen.<\/li>\n<li>Sie ist die st\u00e4rkste Polarizer Plate!<\/li>\n<li>Die in der ZendaWave Plate einarbeitende Ringe k\u00f6nnen in Echtzeit empfangen und senden. Die ZendaWave Plate reagiert auf die kleinste<br \/>\nEnergie\u00e4nderung und erzeugt eine Induktion. Dieses Feld wirkt besonders polarisierend und energetisch.<\/li>\n<li>Jedes Medium wie z.B. Fl\u00fcssigkeiten, Lebensmittel, Pflanzen und auch Menschen und Tiere haben ihr eigenes Feld und \u00fcbertragen Informationen.<br \/>\nDie ZendaWave Plate reagiert darauf durch Induktion, Umkehrung und sendet ein breites Spektrum an Frequenzen aus.<\/li>\n<li>Machen Sie Ihren eigenen Versuch, stellen Sie die ZendaWave Plate unter ein Glas Wasser, daneben stellen Sie ein weiteres Glas mit Wasser, ohne die<br \/>\nZendaWave, nach 5-10 Minuten nehmen Sie einen Schluck aus beiden Gl\u00e4sern und Sie werden die Kraft der ZendaWave Plate erleben!<\/li>\n<li>Die ZendaWave Plate ist stets aktiv, sie invertiert st\u00e4ndig Informationen und sendet sie polarisiert zur\u00fcck.<\/li>\n<li>Die Umgebung ist so voll von negativen Schwingungen. Denken Sie nur an all die drahtlosen Systeme, die sich im Haus, auf der Stra\u00dfe, oder am<br \/>\nArbeitsplatz befinden.<\/li>\n<li>Daf\u00fcr haben wir auch ein tragbares Amulett entwickelt, auch f\u00fcr Tiere. Damit tragen Sie stets die positiven Schwingungen direkt am K\u00f6rper oder in Ihrer<br \/>\nHosentasche.<\/li>\n<li>Legen Sie die ZendaWave Plate auf eine schmerzhafte Stelle oder auf den Solarplexus und testen Sie es selbst aus.<\/li>\n<li><strong>Hinweis :<\/strong><br \/>\nSie k\u00f6nnen die ZendaWave jederzeit unter klarem Wasser reinigen, bitte achten Sie immer darauf, dass die ZendaWave Plate dann in einem trockenen<br \/>\nZustand ist .Sie k\u00f6nnen beide Seiten der ZendaWave Plate verwenden. Sie k\u00f6nnen es in einer kleinen Tasche oder auch Hosentasche bei sich tragen<br \/>\noder eine Stelle an Ihrem K\u00f6rper.<\/li>\n<\/ul>\n","protected":false},"excerpt":{"rendered":"<p>Energetisieren Sie Ihre Zellen mit der Zendawave Plate<\/p>\n","protected":false},"featured_media":172,"comment_status":"open","ping_status":"closed","template":"","meta":[],"product_brand":[],"product_cat":[27],"product_tag":[26,28,24],"class_list":{"0":"post-448","1":"product","2":"type-product","3":"status-publish","4":"has-post-thumbnail","6":"product_cat-fitness-health-produkte","7":"product_tag-health","8":"product_tag-lakhovsky","9":"product_tag-zendawave","11":"first","12":"instock","13":"taxable","14":"shipping-taxable","15":"purchasable","16":"product-type-simple"},"yoast_head":"<!-- This site is optimized with the Yoast SEO Premium plugin v26.2 (Yoast SEO v26.8) - https:\/\/yoast.com\/product\/yoast-seo-premium-wordpress\/ -->\n<title>Zendawave Plate - Zendawave<\/title>\n<meta name=\"robots\" content=\"index, follow, max-snippet:-1, max-image-preview:large, max-video-preview:-1\" \/>\n<link rel=\"canonical\" href=\"https:\/\/www.zendawave.com\/?product=zendawave-plate-3\" \/>\n<meta property=\"og:locale\" content=\"de_DE\" \/>\n<meta property=\"og:type\" content=\"article\" \/>\n<meta property=\"og:title\" content=\"Zendawave Plate\" \/>\n<meta property=\"og:description\" content=\"Energetisieren Sie Ihre Zellen mit der Zendawave Plate\" \/>\n<meta property=\"og:url\" content=\"https:\/\/www.zendawave.com\/?product=zendawave-plate-3\" \/>\n<meta property=\"og:site_name\" content=\"Zendawave\" \/>\n<meta property=\"article:modified_time\" content=\"2024-12-15T15:34:47+00:00\" \/>\n<meta property=\"og:image\" content=\"https:\/\/www.zendawave.com\/wp-content\/uploads\/2024\/12\/PlateGRa-scaled.webp\" \/>\n\t<meta property=\"og:image:width\" content=\"1817\" \/>\n\t<meta property=\"og:image:height\" content=\"1920\" \/>\n\t<meta property=\"og:image:type\" content=\"image\/webp\" \/>\n<meta name=\"twitter:card\" content=\"summary_large_image\" \/>\n<meta name=\"twitter:label1\" content=\"Gesch\u00e4tzte Lesezeit\" \/>\n\t<meta name=\"twitter:data1\" content=\"2\u00a0Minuten\" \/>\n<script type=\"application\/ld+json\" class=\"yoast-schema-graph\">{\"@context\":\"https:\/\/schema.org\",\"@graph\":[{\"@type\":[\"WebPage\",\"ItemPage\"],\"@id\":\"https:\/\/www.zendawave.com\/?product=zendawave-plate-3\",\"url\":\"https:\/\/www.zendawave.com\/?product=zendawave-plate-3\",\"name\":\"Zendawave Plate - Zendawave\",\"isPartOf\":{\"@id\":\"https:\/\/www.zendawave.com\/#website\"},\"primaryImageOfPage\":{\"@id\":\"https:\/\/www.zendawave.com\/?product=zendawave-plate-3#primaryimage\"},\"image\":{\"@id\":\"https:\/\/www.zendawave.com\/?product=zendawave-plate-3#primaryimage\"},\"thumbnailUrl\":\"https:\/\/i0.wp.com\/www.zendawave.com\/wp-content\/uploads\/2024\/12\/PlateGRa-scaled.webp?fit=1817%2C1920&ssl=1\",\"datePublished\":\"2024-12-11T23:42:06+00:00\",\"dateModified\":\"2024-12-15T15:34:47+00:00\",\"breadcrumb\":{\"@id\":\"https:\/\/www.zendawave.com\/?product=zendawave-plate-3#breadcrumb\"},\"inLanguage\":\"de\",\"potentialAction\":[{\"@type\":\"ReadAction\",\"target\":[\"https:\/\/www.zendawave.com\/?product=zendawave-plate-3\"]}]},{\"@type\":\"ImageObject\",\"inLanguage\":\"de\",\"@id\":\"https:\/\/www.zendawave.com\/?product=zendawave-plate-3#primaryimage\",\"url\":\"https:\/\/i0.wp.com\/www.zendawave.com\/wp-content\/uploads\/2024\/12\/PlateGRa-scaled.webp?fit=1817%2C1920&ssl=1\",\"contentUrl\":\"https:\/\/i0.wp.com\/www.zendawave.com\/wp-content\/uploads\/2024\/12\/PlateGRa-scaled.webp?fit=1817%2C1920&ssl=1\",\"width\":1817,\"height\":1920,\"caption\":\"Zendawave Plate\"},{\"@type\":\"BreadcrumbList\",\"@id\":\"https:\/\/www.zendawave.com\/?product=zendawave-plate-3#breadcrumb\",\"itemListElement\":[{\"@type\":\"ListItem\",\"position\":1,\"name\":\"Startseite\",\"item\":\"https:\/\/www.zendawave.com\/\"},{\"@type\":\"ListItem\",\"position\":2,\"name\":\"Shop\",\"item\":\"https:\/\/www.zendawave.com\/?page_id=86\"},{\"@type\":\"ListItem\",\"position\":3,\"name\":\"Zendawave Plate\"}]},{\"@type\":\"WebSite\",\"@id\":\"https:\/\/www.zendawave.com\/#website\",\"url\":\"https:\/\/www.zendawave.com\/\",\"name\":\"Zendawave\",\"description\":\"Hochwertige Wellness &amp; Gesundheitsartikel\",\"publisher\":{\"@id\":\"https:\/\/www.zendawave.com\/#organization\"},\"potentialAction\":[{\"@type\":\"SearchAction\",\"target\":{\"@type\":\"EntryPoint\",\"urlTemplate\":\"https:\/\/www.zendawave.com\/?s={search_term_string}\"},\"query-input\":{\"@type\":\"PropertyValueSpecification\",\"valueRequired\":true,\"valueName\":\"search_term_string\"}}],\"inLanguage\":\"de\"},{\"@type\":\"Organization\",\"@id\":\"https:\/\/www.zendawave.com\/#organization\",\"name\":\"Zendawave\",\"url\":\"https:\/\/www.zendawave.com\/\",\"logo\":{\"@type\":\"ImageObject\",\"inLanguage\":\"de\",\"@id\":\"https:\/\/www.zendawave.com\/#\/schema\/logo\/image\/\",\"url\":\"https:\/\/i0.wp.com\/www.zendawave.com\/wp-content\/uploads\/2024\/12\/Logo_final.png?fit=1066%2C159&ssl=1\",\"contentUrl\":\"https:\/\/i0.wp.com\/www.zendawave.com\/wp-content\/uploads\/2024\/12\/Logo_final.png?fit=1066%2C159&ssl=1\",\"width\":1066,\"height\":159,\"caption\":\"Zendawave\"},\"image\":{\"@id\":\"https:\/\/www.zendawave.com\/#\/schema\/logo\/image\/\"},\"description\":\"Herstellung & Produktion von hochwertigen Glas & Laserprodukten\",\"email\":\"support@zendawave.com\",\"telephone\":\"+49 39401632650\",\"legalName\":\"Ikoha Import & Export GmbH\",\"vatID\":\"DE136770671\",\"numberOfEmployees\":{\"@type\":\"QuantitativeValue\",\"minValue\":\"1\",\"maxValue\":\"10\"}}]}<\/script>\n<!-- \/ Yoast SEO Premium plugin. -->","yoast_head_json":{"title":"Zendawave Plate - Zendawave","robots":{"index":"index","follow":"follow","max-snippet":"max-snippet:-1","max-image-preview":"max-image-preview:large","max-video-preview":"max-video-preview:-1"},"canonical":"https:\/\/www.zendawave.com\/?product=zendawave-plate-3","og_locale":"de_DE","og_type":"article","og_title":"Zendawave Plate","og_description":"Energetisieren Sie Ihre Zellen mit der Zendawave Plate","og_url":"https:\/\/www.zendawave.com\/?product=zendawave-plate-3","og_site_name":"Zendawave","article_modified_time":"2024-12-15T15:34:47+00:00","og_image":[{"width":1817,"height":1920,"url":"https:\/\/www.zendawave.com\/wp-content\/uploads\/2024\/12\/PlateGRa-scaled.webp","type":"image\/webp"}],"twitter_card":"summary_large_image","twitter_misc":{"Gesch\u00e4tzte Lesezeit":"2\u00a0Minuten"},"schema":{"@context":"https:\/\/schema.org","@graph":[{"@type":["WebPage","ItemPage"],"@id":"https:\/\/www.zendawave.com\/?product=zendawave-plate-3","url":"https:\/\/www.zendawave.com\/?product=zendawave-plate-3","name":"Zendawave Plate - Zendawave","isPartOf":{"@id":"https:\/\/www.zendawave.com\/#website"},"primaryImageOfPage":{"@id":"https:\/\/www.zendawave.com\/?product=zendawave-plate-3#primaryimage"},"image":{"@id":"https:\/\/www.zendawave.com\/?product=zendawave-plate-3#primaryimage"},"thumbnailUrl":"https:\/\/i0.wp.com\/www.zendawave.com\/wp-content\/uploads\/2024\/12\/PlateGRa-scaled.webp?fit=1817%2C1920&ssl=1","datePublished":"2024-12-11T23:42:06+00:00","dateModified":"2024-12-15T15:34:47+00:00","breadcrumb":{"@id":"https:\/\/www.zendawave.com\/?product=zendawave-plate-3#breadcrumb"},"inLanguage":"de","potentialAction":[{"@type":"ReadAction","target":["https:\/\/www.zendawave.com\/?product=zendawave-plate-3"]}]},{"@type":"ImageObject","inLanguage":"de","@id":"https:\/\/www.zendawave.com\/?product=zendawave-plate-3#primaryimage","url":"https:\/\/i0.wp.com\/www.zendawave.com\/wp-content\/uploads\/2024\/12\/PlateGRa-scaled.webp?fit=1817%2C1920&ssl=1","contentUrl":"https:\/\/i0.wp.com\/www.zendawave.com\/wp-content\/uploads\/2024\/12\/PlateGRa-scaled.webp?fit=1817%2C1920&ssl=1","width":1817,"height":1920,"caption":"Zendawave Plate"},{"@type":"BreadcrumbList","@id":"https:\/\/www.zendawave.com\/?product=zendawave-plate-3#breadcrumb","itemListElement":[{"@type":"ListItem","position":1,"name":"Startseite","item":"https:\/\/www.zendawave.com\/"},{"@type":"ListItem","position":2,"name":"Shop","item":"https:\/\/www.zendawave.com\/?page_id=86"},{"@type":"ListItem","position":3,"name":"Zendawave Plate"}]},{"@type":"WebSite","@id":"https:\/\/www.zendawave.com\/#website","url":"https:\/\/www.zendawave.com\/","name":"Zendawave","description":"Hochwertige Wellness &amp; Gesundheitsartikel","publisher":{"@id":"https:\/\/www.zendawave.com\/#organization"},"potentialAction":[{"@type":"SearchAction","target":{"@type":"EntryPoint","urlTemplate":"https:\/\/www.zendawave.com\/?s={search_term_string}"},"query-input":{"@type":"PropertyValueSpecification","valueRequired":true,"valueName":"search_term_string"}}],"inLanguage":"de"},{"@type":"Organization","@id":"https:\/\/www.zendawave.com\/#organization","name":"Zendawave","url":"https:\/\/www.zendawave.com\/","logo":{"@type":"ImageObject","inLanguage":"de","@id":"https:\/\/www.zendawave.com\/#\/schema\/logo\/image\/","url":"https:\/\/i0.wp.com\/www.zendawave.com\/wp-content\/uploads\/2024\/12\/Logo_final.png?fit=1066%2C159&ssl=1","contentUrl":"https:\/\/i0.wp.com\/www.zendawave.com\/wp-content\/uploads\/2024\/12\/Logo_final.png?fit=1066%2C159&ssl=1","width":1066,"height":159,"caption":"Zendawave"},"image":{"@id":"https:\/\/www.zendawave.com\/#\/schema\/logo\/image\/"},"description":"Herstellung & Produktion von hochwertigen Glas & Laserprodukten","email":"support@zendawave.com","telephone":"+49 39401632650","legalName":"Ikoha Import & Export GmbH","vatID":"DE136770671","numberOfEmployees":{"@type":"QuantitativeValue","minValue":"1","maxValue":"10"}}]}},"jetpack_sharing_enabled":true,"_links":{"self":[{"href":"https:\/\/www.zendawave.com\/index.php?rest_route=\/wp\/v2\/product\/448","targetHints":{"allow":["GET"]}}],"collection":[{"href":"https:\/\/www.zendawave.com\/index.php?rest_route=\/wp\/v2\/product"}],"about":[{"href":"https:\/\/www.zendawave.com\/index.php?rest_route=\/wp\/v2\/types\/product"}],"replies":[{"embeddable":true,"href":"https:\/\/www.zendawave.com\/index.php?rest_route=%2Fwp%2Fv2%2Fcomments&post=448"}],"version-history":[{"count":4,"href":"https:\/\/www.zendawave.com\/index.php?rest_route=\/wp\/v2\/product\/448\/revisions"}],"predecessor-version":[{"id":597,"href":"https:\/\/www.zendawave.com\/index.php?rest_route=\/wp\/v2\/product\/448\/revisions\/597"}],"wp:featuredmedia":[{"embeddable":true,"href":"https:\/\/www.zendawave.com\/index.php?rest_route=\/wp\/v2\/media\/172"}],"wp:attachment":[{"href":"https:\/\/www.zendawave.com\/index.php?rest_route=%2Fwp%2Fv2%2Fmedia&parent=448"}],"wp:term":[{"taxonomy":"product_brand","embeddable":true,"href":"https:\/\/www.zendawave.com\/index.php?rest_route=%2Fwp%2Fv2%2Fproduct_brand&post=448"},{"taxonomy":"product_cat","embeddable":true,"href":"https:\/\/www.zendawave.com\/index.php?rest_route=%2Fwp%2Fv2%2Fproduct_cat&post=448"},{"taxonomy":"product_tag","embeddable":true,"href":"https:\/\/www.zendawave.com\/index.php?rest_route=%2Fwp%2Fv2%2Fproduct_tag&post=448"}],"curies":[{"name":"wp","href":"https:\/\/api.w.org\/{rel}","templated":true}]}}