{"id":846,"date":"2024-12-27T15:22:31","date_gmt":"2024-12-27T15:22:31","guid":{"rendered":"https:\/\/www.zendawave.com\/?page_id=846"},"modified":"2024-12-27T16:01:33","modified_gmt":"2024-12-27T16:01:33","slug":"widerrufserklaerung","status":"publish","type":"page","link":"https:\/\/www.zendawave.com\/?page_id=846","title":{"rendered":"Widerrufserkl\u00e4rung"},"content":{"rendered":"\t\t<div data-elementor-type=\"wp-page\" data-elementor-id=\"846\" class=\"elementor elementor-846\" data-elementor-post-type=\"page\">\n\t\t\t\t<div class=\"elementor-element elementor-element-d265265 e-flex e-con-boxed e-con e-parent\" data-id=\"d265265\" data-element_type=\"container\" data-e-type=\"container\" data-settings=\"{&quot;background_background&quot;:&quot;classic&quot;}\">\n\t\t\t\t\t<div class=\"e-con-inner\">\n\t\t\t\t<div class=\"elementor-element elementor-element-8094a2d elementor-widget-divider--view-line elementor-widget elementor-widget-divider\" data-id=\"8094a2d\" data-element_type=\"widget\" data-e-type=\"widget\" data-widget_type=\"divider.default\">\n\t\t\t\t<div class=\"elementor-widget-container\">\n\t\t\t\t\t\t\t<div class=\"elementor-divider\">\n\t\t\t<span class=\"elementor-divider-separator\">\n\t\t\t\t\t\t<\/span>\n\t\t<\/div>\n\t\t\t\t\t\t<\/div>\n\t\t\t\t<\/div>\n\t\t\t\t<div class=\"elementor-element elementor-element-fc29764 elementor-widget elementor-widget-heading\" data-id=\"fc29764\" data-element_type=\"widget\" data-e-type=\"widget\" data-widget_type=\"heading.default\">\n\t\t\t\t<div class=\"elementor-widget-container\">\n\t\t\t\t\t<h2 class=\"elementor-heading-title elementor-size-default\">Widerrufsbelehrung<\/h2>\t\t\t\t<\/div>\n\t\t\t\t<\/div>\n\t\t\t\t<div class=\"elementor-element elementor-element-81d79ac elementor-widget elementor-widget-text-editor\" data-id=\"81d79ac\" data-element_type=\"widget\" data-e-type=\"widget\" data-widget_type=\"text-editor.default\">\n\t\t\t\t<div class=\"elementor-widget-container\">\n\t\t\t\t\t\t\t\t\t<h1>Widerrufsbelehrung und Widerrufsformular f\u00fcr Verbraucher<\/h1><p><span style=\"color: #354d61;\">&#8222;Verbraucher&#8220; im Sinne dieser Widerrufsbelehrung ist jede nat\u00fcrliche Person, die ein Rechtsgesch\u00e4ft zu Zwecken abschlie\u00dft, der \u00fcberwiegend weder ihrer gewerblichen noch ihrer selbstst\u00e4ndigen beruflichen T\u00e4tigkeit zugerechnet werden k\u00f6nnen.<\/span><\/p><h2><span style=\"color: #354d61;\">Widerrufsrecht<\/span><\/h2><p><span style=\"color: #354d61;\">Sie haben das Recht, binnen 14 Tagen ohne Angabe von Gr\u00fcnden diesen Vertrag zu widerrufen.<\/span><\/p><p><span style=\"color: #354d61;\">Die Widerrufsfrist betr\u00e4gt 14 Tage ab dem Tag, an dem Sie oder ein von Ihnen benannter Dritter, der nicht der Bef\u00f6rderer ist, die letzte Ware in Besitz genommen haben bzw. hat.<\/span><\/p><p><span style=\"color: #354d61;\">Um Ihr Widerrufsrecht auszu\u00fcben, m\u00fcssen Sie uns der Ikoha GmbH, Neuwegerslebener Str. 2, 39393 Am Gro\u00dfen Bruch , E-Mail-Adresse: support@zendawave.com, Telefonnummer: +49 (0)39401 632650) mittels einer eindeutigen Erkl\u00e4rung (z. B. ein mit der Post versandter Brief oder eine E-Mail) \u00fcber Ihren Entschluss, diesen Vertrag zu widerrufen, informieren. Sie k\u00f6nnen daf\u00fcr das beigef\u00fcgte Muster-Widerrufsformular verwenden, das jedoch nicht vorgeschrieben ist.<\/span><\/p><p><span style=\"color: #354d61;\">Zur Wahrung der Widerrufsfrist reicht es aus, dass Sie die Mitteilung \u00fcber die Aus\u00fcbung des Widerrufsrechts vor Ablauf der Widerrufsfrist absenden.<\/span><\/p><h2><span style=\"color: #354d61;\">Folgen des Widerrufs<\/span><\/h2><p><span style=\"color: #354d61;\">Wenn Sie diesen Vertrag widerrufen, haben wir Ihnen alle Zahlungen, die wir von Ihnen erhalten haben, einschlie\u00dflich der Lieferkosten (mit Ausnahme der zus\u00e4tzlichen Kosten, die sich daraus ergeben, dass Sie eine andere Art der Lieferung als die von uns angebotene, g\u00fcnstigste Standardlieferung gew\u00e4hlt haben), unverz\u00fcglich und sp\u00e4testens binnen vierzehn Tagen ab dem Tag zur\u00fcckzuzahlen, an dem die Mitteilung \u00fcber Ihren Widerruf dieses Vertrags bei uns eingegangen ist. F\u00fcr diese R\u00fcckzahlung verwenden wir dasselbe Zahlungsmittel, das Sie bei der urspr\u00fcnglichen Transaktion eingesetzt haben, es sei denn, mit Ihnen wurde ausdr\u00fccklich etwas anderes vereinbart; in keinem Fall werden Ihnen wegen dieser R\u00fcckzahlung Entgelte berechnet.<\/span><\/p><p><span style=\"color: #354d61;\">Wir k\u00f6nnen die R\u00fcckzahlung verweigern, bis wir die Waren wieder zur\u00fcckerhalten haben oder bis Sie den Nachweis erbracht haben, dass Sie die Waren zur\u00fcckgesandt haben, je nachdem, welches der fr\u00fchere Zeitpunkt ist.<\/span><\/p><p><span style=\"color: #354d61;\">Sie haben die Waren unverz\u00fcglich und in jedem Fall sp\u00e4testens binnen vierzehn Tagen ab dem Tag, an dem Sie uns \u00fcber den Widerruf dieses Vertrags unterrichten, an uns zur\u00fcckzusenden oder zu \u00fcbergeben. Die Frist ist gewahrt, wenn Sie die Waren vor Ablauf der Frist von vierzehn Tagen absenden.<\/span><\/p><p><span style=\"color: #354d61;\">Sie tragen die unmittelbaren Kosten der R\u00fccksendung der Waren.<\/span><\/p><p><span style=\"color: #354d61;\">Sie m\u00fcssen f\u00fcr einen etwaigen Wertverlust der Waren nur aufkommen, wenn dieser Wertverlust auf einen zur Pr\u00fcfung der Beschaffenheit, Eigenschaften und Funktionsweise der Waren nicht notwendigen Umgang mit ihnen zur\u00fcckzuf\u00fchren ist.<\/span><\/p><h2 id=\"m3320\"><span style=\"color: #354d61;\">Muster- Widerrufsformular<\/span><\/h2><p><span style=\"color: #354d61;\">(Wenn Sie den Vertrag widerrufen wollen, dann f\u00fcllen Sie bitte dieses Formular aus und senden Sie es zur\u00fcck.)<\/span><\/p><p><span style=\"color: #354d61;\">An<\/span><\/p><p><span style=\"color: #354d61;\">Ikoha GmbH, Neuwegerslebener Str. 2, 39393 Am Gro\u00dfen Bruch, E-Mail-Adresse: support@zendawave.com<\/span><\/p><p><span style=\"color: #354d61;\">Hiermit widerrufe(n) ich\/wir (*) den von mir\/uns (*) abgeschlossenen Vertrag \u00fcber den<\/span><\/p><p><span style=\"color: #354d61;\">Kauf der folgenden Waren (*)\/die Erbringung der folgenden Dienstleistung (*)<\/span><\/p><p><span style=\"color: #354d61;\">_________________________________________________________<\/span><\/p><p><span style=\"color: #354d61;\">_________________________________________________________<\/span><\/p><p><span style=\"color: #354d61;\">Bestellt am ____________________________________________<\/span><\/p><p><span style=\"color: #354d61;\">erhalten am ___________________________________________<\/span><\/p><p><span style=\"color: #354d61;\">Name des\/der Verbraucher(s)<\/span><\/p><p><span style=\"color: #354d61;\">_______________________________________________________<\/span><\/p><p><span style=\"color: #354d61;\">Anschrift des\/der Verbraucher(s)<\/span><\/p><p><span style=\"color: #354d61;\">_______________________________________________________<\/span><\/p><p><span style=\"color: #354d61;\">Unterschrift des\/der Verbraucher(s) (nur bei Mitteilung auf Papier)<\/span><\/p><p><span style=\"color: #354d61;\">_________________________<\/span><\/p><p><span style=\"color: #354d61;\">Datum _______________________________________________<\/span><\/p><p><span style=\"color: #354d61;\">(*) unzutreffendes bitte Streichen<\/span><\/p>\t\t\t\t\t\t\t\t<\/div>\n\t\t\t\t<\/div>\n\t\t\t\t\t<\/div>\n\t\t\t\t<\/div>\n\t\t\t\t<\/div>\n\t\t","protected":false},"excerpt":{"rendered":"<p>Widerrufsbelehrung Widerrufsbelehrung und Widerrufsformular f\u00fcr Verbraucher &#8222;Verbraucher&#8220; im Sinne dieser Widerrufsbelehrung ist jede nat\u00fcrliche Person, die ein Rechtsgesch\u00e4ft zu Zwecken abschlie\u00dft, der \u00fcberwiegend weder ihrer gewerblichen noch ihrer selbstst\u00e4ndigen beruflichen T\u00e4tigkeit zugerechnet werden k\u00f6nnen. Widerrufsrecht Sie haben das Recht, binnen 14 Tagen ohne Angabe von Gr\u00fcnden diesen Vertrag zu widerrufen. Die Widerrufsfrist betr\u00e4gt 14 Tage [&hellip;]<\/p>\n","protected":false},"author":1,"featured_media":0,"parent":0,"menu_order":0,"comment_status":"closed","ping_status":"closed","template":"","meta":{"footnotes":""},"class_list":["post-846","page","type-page","status-publish","hentry"],"yoast_head":"<!-- This site is optimized with the Yoast SEO Premium plugin v26.2 (Yoast SEO v26.8) - https:\/\/yoast.com\/product\/yoast-seo-premium-wordpress\/ -->\n<title>Widerrufserkl\u00e4rung - Zendawave<\/title>\n<meta name=\"robots\" content=\"index, follow, max-snippet:-1, max-image-preview:large, max-video-preview:-1\" \/>\n<link rel=\"canonical\" href=\"https:\/\/www.zendawave.com\/?page_id=846\" \/>\n<meta property=\"og:locale\" content=\"de_DE\" \/>\n<meta property=\"og:type\" content=\"article\" \/>\n<meta property=\"og:title\" content=\"Widerrufserkl\u00e4rung\" \/>\n<meta property=\"og:description\" content=\"Widerrufsbelehrung Widerrufsbelehrung und Widerrufsformular f\u00fcr Verbraucher &#8222;Verbraucher&#8220; im Sinne dieser Widerrufsbelehrung ist jede nat\u00fcrliche Person, die ein Rechtsgesch\u00e4ft zu Zwecken abschlie\u00dft, der \u00fcberwiegend weder ihrer gewerblichen noch ihrer selbstst\u00e4ndigen beruflichen T\u00e4tigkeit zugerechnet werden k\u00f6nnen. Widerrufsrecht Sie haben das Recht, binnen 14 Tagen ohne Angabe von Gr\u00fcnden diesen Vertrag zu widerrufen. Die Widerrufsfrist betr\u00e4gt 14 Tage [&hellip;]\" \/>\n<meta property=\"og:url\" content=\"https:\/\/www.zendawave.com\/?page_id=846\" \/>\n<meta property=\"og:site_name\" content=\"Zendawave\" \/>\n<meta property=\"article:modified_time\" content=\"2024-12-27T16:01:33+00:00\" \/>\n<meta property=\"og:image\" content=\"https:\/\/i0.wp.com\/www.zendawave.com\/wp-content\/uploads\/2024\/12\/Screenshot-2024-12-19-at-15-14-15-Startseite-Zendawave.png?fit=1901%2C969&ssl=1\" \/>\n\t<meta property=\"og:image:width\" content=\"1901\" \/>\n\t<meta property=\"og:image:height\" content=\"969\" \/>\n\t<meta property=\"og:image:type\" content=\"image\/png\" \/>\n<meta name=\"twitter:card\" content=\"summary_large_image\" \/>\n<meta name=\"twitter:label1\" content=\"Gesch\u00e4tzte Lesezeit\" \/>\n\t<meta name=\"twitter:data1\" content=\"3\u00a0Minuten\" \/>\n<script type=\"application\/ld+json\" class=\"yoast-schema-graph\">{\"@context\":\"https:\/\/schema.org\",\"@graph\":[{\"@type\":\"WebPage\",\"@id\":\"https:\/\/www.zendawave.com\/?page_id=846\",\"url\":\"https:\/\/www.zendawave.com\/?page_id=846\",\"name\":\"Widerrufserkl\u00e4rung - Zendawave\",\"isPartOf\":{\"@id\":\"https:\/\/www.zendawave.com\/#website\"},\"datePublished\":\"2024-12-27T15:22:31+00:00\",\"dateModified\":\"2024-12-27T16:01:33+00:00\",\"breadcrumb\":{\"@id\":\"https:\/\/www.zendawave.com\/?page_id=846#breadcrumb\"},\"inLanguage\":\"de\",\"potentialAction\":[{\"@type\":\"ReadAction\",\"target\":[\"https:\/\/www.zendawave.com\/?page_id=846\"]}]},{\"@type\":\"BreadcrumbList\",\"@id\":\"https:\/\/www.zendawave.com\/?page_id=846#breadcrumb\",\"itemListElement\":[{\"@type\":\"ListItem\",\"position\":1,\"name\":\"Startseite\",\"item\":\"https:\/\/www.zendawave.com\/\"},{\"@type\":\"ListItem\",\"position\":2,\"name\":\"Widerrufserkl\u00e4rung\"}]},{\"@type\":\"WebSite\",\"@id\":\"https:\/\/www.zendawave.com\/#website\",\"url\":\"https:\/\/www.zendawave.com\/\",\"name\":\"Zendawave\",\"description\":\"Hochwertige Wellness &amp; Gesundheitsartikel\",\"publisher\":{\"@id\":\"https:\/\/www.zendawave.com\/#organization\"},\"potentialAction\":[{\"@type\":\"SearchAction\",\"target\":{\"@type\":\"EntryPoint\",\"urlTemplate\":\"https:\/\/www.zendawave.com\/?s={search_term_string}\"},\"query-input\":{\"@type\":\"PropertyValueSpecification\",\"valueRequired\":true,\"valueName\":\"search_term_string\"}}],\"inLanguage\":\"de\"},{\"@type\":\"Organization\",\"@id\":\"https:\/\/www.zendawave.com\/#organization\",\"name\":\"Zendawave\",\"url\":\"https:\/\/www.zendawave.com\/\",\"logo\":{\"@type\":\"ImageObject\",\"inLanguage\":\"de\",\"@id\":\"https:\/\/www.zendawave.com\/#\/schema\/logo\/image\/\",\"url\":\"https:\/\/i0.wp.com\/www.zendawave.com\/wp-content\/uploads\/2024\/12\/Logo_final.png?fit=1066%2C159&ssl=1\",\"contentUrl\":\"https:\/\/i0.wp.com\/www.zendawave.com\/wp-content\/uploads\/2024\/12\/Logo_final.png?fit=1066%2C159&ssl=1\",\"width\":1066,\"height\":159,\"caption\":\"Zendawave\"},\"image\":{\"@id\":\"https:\/\/www.zendawave.com\/#\/schema\/logo\/image\/\"},\"description\":\"Herstellung & Produktion von hochwertigen Glas & Laserprodukten\",\"email\":\"support@zendawave.com\",\"telephone\":\"+49 39401632650\",\"legalName\":\"Ikoha Import & Export GmbH\",\"vatID\":\"DE136770671\",\"numberOfEmployees\":{\"@type\":\"QuantitativeValue\",\"minValue\":\"1\",\"maxValue\":\"10\"}}]}<\/script>\n<!-- \/ Yoast SEO Premium plugin. -->","yoast_head_json":{"title":"Widerrufserkl\u00e4rung - Zendawave","robots":{"index":"index","follow":"follow","max-snippet":"max-snippet:-1","max-image-preview":"max-image-preview:large","max-video-preview":"max-video-preview:-1"},"canonical":"https:\/\/www.zendawave.com\/?page_id=846","og_locale":"de_DE","og_type":"article","og_title":"Widerrufserkl\u00e4rung","og_description":"Widerrufsbelehrung Widerrufsbelehrung und Widerrufsformular f\u00fcr Verbraucher &#8222;Verbraucher&#8220; im Sinne dieser Widerrufsbelehrung ist jede nat\u00fcrliche Person, die ein Rechtsgesch\u00e4ft zu Zwecken abschlie\u00dft, der \u00fcberwiegend weder ihrer gewerblichen noch ihrer selbstst\u00e4ndigen beruflichen T\u00e4tigkeit zugerechnet werden k\u00f6nnen. Widerrufsrecht Sie haben das Recht, binnen 14 Tagen ohne Angabe von Gr\u00fcnden diesen Vertrag zu widerrufen. Die Widerrufsfrist betr\u00e4gt 14 Tage [&hellip;]","og_url":"https:\/\/www.zendawave.com\/?page_id=846","og_site_name":"Zendawave","article_modified_time":"2024-12-27T16:01:33+00:00","og_image":[{"width":1901,"height":969,"url":"https:\/\/i0.wp.com\/www.zendawave.com\/wp-content\/uploads\/2024\/12\/Screenshot-2024-12-19-at-15-14-15-Startseite-Zendawave.png?fit=1901%2C969&ssl=1","type":"image\/png"}],"twitter_card":"summary_large_image","twitter_misc":{"Gesch\u00e4tzte Lesezeit":"3\u00a0Minuten"},"schema":{"@context":"https:\/\/schema.org","@graph":[{"@type":"WebPage","@id":"https:\/\/www.zendawave.com\/?page_id=846","url":"https:\/\/www.zendawave.com\/?page_id=846","name":"Widerrufserkl\u00e4rung - Zendawave","isPartOf":{"@id":"https:\/\/www.zendawave.com\/#website"},"datePublished":"2024-12-27T15:22:31+00:00","dateModified":"2024-12-27T16:01:33+00:00","breadcrumb":{"@id":"https:\/\/www.zendawave.com\/?page_id=846#breadcrumb"},"inLanguage":"de","potentialAction":[{"@type":"ReadAction","target":["https:\/\/www.zendawave.com\/?page_id=846"]}]},{"@type":"BreadcrumbList","@id":"https:\/\/www.zendawave.com\/?page_id=846#breadcrumb","itemListElement":[{"@type":"ListItem","position":1,"name":"Startseite","item":"https:\/\/www.zendawave.com\/"},{"@type":"ListItem","position":2,"name":"Widerrufserkl\u00e4rung"}]},{"@type":"WebSite","@id":"https:\/\/www.zendawave.com\/#website","url":"https:\/\/www.zendawave.com\/","name":"Zendawave","description":"Hochwertige Wellness &amp; Gesundheitsartikel","publisher":{"@id":"https:\/\/www.zendawave.com\/#organization"},"potentialAction":[{"@type":"SearchAction","target":{"@type":"EntryPoint","urlTemplate":"https:\/\/www.zendawave.com\/?s={search_term_string}"},"query-input":{"@type":"PropertyValueSpecification","valueRequired":true,"valueName":"search_term_string"}}],"inLanguage":"de"},{"@type":"Organization","@id":"https:\/\/www.zendawave.com\/#organization","name":"Zendawave","url":"https:\/\/www.zendawave.com\/","logo":{"@type":"ImageObject","inLanguage":"de","@id":"https:\/\/www.zendawave.com\/#\/schema\/logo\/image\/","url":"https:\/\/i0.wp.com\/www.zendawave.com\/wp-content\/uploads\/2024\/12\/Logo_final.png?fit=1066%2C159&ssl=1","contentUrl":"https:\/\/i0.wp.com\/www.zendawave.com\/wp-content\/uploads\/2024\/12\/Logo_final.png?fit=1066%2C159&ssl=1","width":1066,"height":159,"caption":"Zendawave"},"image":{"@id":"https:\/\/www.zendawave.com\/#\/schema\/logo\/image\/"},"description":"Herstellung & Produktion von hochwertigen Glas & Laserprodukten","email":"support@zendawave.com","telephone":"+49 39401632650","legalName":"Ikoha Import & Export GmbH","vatID":"DE136770671","numberOfEmployees":{"@type":"QuantitativeValue","minValue":"1","maxValue":"10"}}]}},"jetpack_sharing_enabled":true,"_links":{"self":[{"href":"https:\/\/www.zendawave.com\/index.php?rest_route=\/wp\/v2\/pages\/846","targetHints":{"allow":["GET"]}}],"collection":[{"href":"https:\/\/www.zendawave.com\/index.php?rest_route=\/wp\/v2\/pages"}],"about":[{"href":"https:\/\/www.zendawave.com\/index.php?rest_route=\/wp\/v2\/types\/page"}],"author":[{"embeddable":true,"href":"https:\/\/www.zendawave.com\/index.php?rest_route=\/wp\/v2\/users\/1"}],"replies":[{"embeddable":true,"href":"https:\/\/www.zendawave.com\/index.php?rest_route=%2Fwp%2Fv2%2Fcomments&post=846"}],"version-history":[{"count":22,"href":"https:\/\/www.zendawave.com\/index.php?rest_route=\/wp\/v2\/pages\/846\/revisions"}],"predecessor-version":[{"id":870,"href":"https:\/\/www.zendawave.com\/index.php?rest_route=\/wp\/v2\/pages\/846\/revisions\/870"}],"wp:attachment":[{"href":"https:\/\/www.zendawave.com\/index.php?rest_route=%2Fwp%2Fv2%2Fmedia&parent=846"}],"curies":[{"name":"wp","href":"https:\/\/api.w.org\/{rel}","templated":true}]}}