{"id":83,"date":"2024-12-10T09:11:32","date_gmt":"2024-12-10T09:11:32","guid":{"rendered":"https:\/\/zendawave.com\/?page_id=83"},"modified":"2025-09-23T11:10:04","modified_gmt":"2025-09-23T11:10:04","slug":"wissen","status":"publish","type":"page","link":"https:\/\/www.zendawave.com\/?page_id=83","title":{"rendered":"Wissen"},"content":{"rendered":"\t\t<div data-elementor-type=\"wp-page\" data-elementor-id=\"83\" class=\"elementor elementor-83\" data-elementor-post-type=\"page\">\n\t\t\t\t<div class=\"elementor-element elementor-element-cbf9731 e-flex e-con-boxed e-con e-parent\" data-id=\"cbf9731\" data-element_type=\"container\" data-e-type=\"container\" data-settings=\"{&quot;background_background&quot;:&quot;classic&quot;}\">\n\t\t\t\t\t<div class=\"e-con-inner\">\n\t\t\t\t<div class=\"elementor-element elementor-element-4f5651c elementor-widget-divider--view-line elementor-widget elementor-widget-divider\" data-id=\"4f5651c\" data-element_type=\"widget\" data-e-type=\"widget\" data-widget_type=\"divider.default\">\n\t\t\t\t<div class=\"elementor-widget-container\">\n\t\t\t\t\t\t\t<div class=\"elementor-divider\">\n\t\t\t<span class=\"elementor-divider-separator\">\n\t\t\t\t\t\t<\/span>\n\t\t<\/div>\n\t\t\t\t\t\t<\/div>\n\t\t\t\t<\/div>\n\t\t\t\t<div class=\"elementor-element elementor-element-ca0bb3f elementor-widget elementor-widget-heading\" data-id=\"ca0bb3f\" data-element_type=\"widget\" data-e-type=\"widget\" data-widget_type=\"heading.default\">\n\t\t\t\t<div class=\"elementor-widget-container\">\n\t\t\t\t\t<h2 class=\"elementor-heading-title elementor-size-default\">Wissen<\/h2>\t\t\t\t<\/div>\n\t\t\t\t<\/div>\n\t\t<div class=\"elementor-element elementor-element-9fe1daf e-con-full e-flex e-con e-child\" data-id=\"9fe1daf\" data-element_type=\"container\" data-e-type=\"container\">\n\t\t\t\t<div class=\"elementor-element elementor-element-bc9c803 elementor-widget elementor-widget-heading\" data-id=\"bc9c803\" data-element_type=\"widget\" data-e-type=\"widget\" data-widget_type=\"heading.default\">\n\t\t\t\t<div class=\"elementor-widget-container\">\n\t\t\t\t\t<h2 class=\"elementor-heading-title elementor-size-default\">Wie funktioniert diese Technologie<\/h2>\t\t\t\t<\/div>\n\t\t\t\t<\/div>\n\t\t<div class=\"elementor-element elementor-element-aa1e86a e-con-full e-flex e-con e-child\" data-id=\"aa1e86a\" data-element_type=\"container\" data-e-type=\"container\">\n\t\t<div class=\"elementor-element elementor-element-3e45c3e e-con-full e-flex e-con e-child\" data-id=\"3e45c3e\" data-element_type=\"container\" data-e-type=\"container\">\n\t\t\t\t<div class=\"elementor-element elementor-element-696b0fd elementor-widget elementor-widget-image\" data-id=\"696b0fd\" data-element_type=\"widget\" data-e-type=\"widget\" data-widget_type=\"image.default\">\n\t\t\t\t<div class=\"elementor-widget-container\">\n\t\t\t\t\t\t\t\t\t\t\t\t\t\t\t<img fetchpriority=\"high\" decoding=\"async\" width=\"800\" height=\"782\" src=\"https:\/\/i0.wp.com\/www.zendawave.com\/wp-content\/uploads\/2024\/12\/Plate-scaled-e1734191953845.webp?fit=800%2C782&amp;ssl=1\" class=\"attachment-large size-large wp-image-258\" alt=\"\" srcset=\"https:\/\/i0.wp.com\/www.zendawave.com\/wp-content\/uploads\/2024\/12\/Plate-scaled-e1734191953845.webp?w=1414&amp;ssl=1 1414w, https:\/\/i0.wp.com\/www.zendawave.com\/wp-content\/uploads\/2024\/12\/Plate-scaled-e1734191953845.webp?resize=600%2C586&amp;ssl=1 600w, https:\/\/i0.wp.com\/www.zendawave.com\/wp-content\/uploads\/2024\/12\/Plate-scaled-e1734191953845.webp?resize=300%2C293&amp;ssl=1 300w, https:\/\/i0.wp.com\/www.zendawave.com\/wp-content\/uploads\/2024\/12\/Plate-scaled-e1734191953845.webp?resize=1024%2C1001&amp;ssl=1 1024w, https:\/\/i0.wp.com\/www.zendawave.com\/wp-content\/uploads\/2024\/12\/Plate-scaled-e1734191953845.webp?resize=768%2C751&amp;ssl=1 768w, https:\/\/i0.wp.com\/www.zendawave.com\/wp-content\/uploads\/2024\/12\/Plate-scaled-e1734191953845.webp?resize=1320%2C1290&amp;ssl=1 1320w\" sizes=\"(max-width: 800px) 100vw, 800px\" \/>\t\t\t\t\t\t\t\t\t\t\t\t\t\t\t<\/div>\n\t\t\t\t<\/div>\n\t\t\t\t<\/div>\n\t\t\t\t<div class=\"elementor-element elementor-element-b3e6239 elementor-widget elementor-widget-text-editor\" data-id=\"b3e6239\" data-element_type=\"widget\" data-e-type=\"widget\" data-widget_type=\"text-editor.default\">\n\t\t\t\t<div class=\"elementor-widget-container\">\n\t\t\t\t\t\t\t\t\t<ul><li><span class=\"ng-star-inserted\" data-start-index=\"0\">Der Multiwellen-Oszillator (MWO) in Form einer speziellen Dipol-Antenne spielt eine zentrale Rolle bei unseren Produkten. Er wird als <\/span><span class=\"bold ng-star-inserted\" data-start-index=\"89\">&#8222;Herzst\u00fcck&#8220;<\/span><span class=\"ng-star-inserted\" data-start-index=\"100\"> und <\/span><span class=\"bold ng-star-inserted\" data-start-index=\"105\">&#8222;revolution\u00e4res Ger\u00e4t&#8220;<\/span><span class=\"ng-star-inserted\" data-start-index=\"127\"> bezeichnet, das auf den Erkenntnissen von Georges Lakhovsky und Nikola Tesla basiert.<\/span><span class=\"ng-star-inserted\" data-start-index=\"213\"> Der MWO soll die Zellen des K\u00f6rpers auf zellul\u00e4rer Ebene unterst\u00fctzen und revitalisieren.<\/span><\/li><li class=\"paragraph normal ng-star-inserted\" data-start-index=\"303\"><span class=\"ng-star-inserted\" data-start-index=\"303\">Der MWO funktioniert wie ein <\/span><span class=\"bold ng-star-inserted\" data-start-index=\"332\">&#8222;sanfter Dirigent&#8220;<\/span><span class=\"ng-star-inserted\" data-start-index=\"350\">, der ein <\/span><span class=\"bold ng-star-inserted\" data-start-index=\"360\">&#8222;harmonisches Konzert von Frequenzen&#8220;<\/span><span class=\"ng-star-inserted\" data-start-index=\"397\"> erzeugt, das Zellen im K\u00f6rper erreicht.<\/span><\/li><li style=\"text-align: left;\"><span class=\"ng-star-inserted\" data-start-index=\"441\"> Diese Frequenzen sollen die Zellen dazu anregen, <\/span><span class=\"bold ng-star-inserted\" data-start-index=\"492\">&#8222;wieder in ihrem nat\u00fcrlichen, gesunden Rhythmus zu schwingen&#8220;<\/span><span class=\"ng-star-inserted\" data-start-index=\"553\">.<\/span><\/li><li class=\"paragraph normal ng-star-inserted\" data-start-index=\"554\"><span class=\"ng-star-inserted\" data-start-index=\"554\">Der MWO ist ein <\/span><span class=\"bold ng-star-inserted\" data-start-index=\"595\">&#8222;vielseitiger Musiker&#8220;<\/span><span class=\"ng-star-inserted\" data-start-index=\"617\">, der ein <\/span><span class=\"bold ng-star-inserted\" data-start-index=\"627\">&#8222;ganzes Orchester harmonischer Schwingungen&#8220;<\/span><span class=\"ng-star-inserted\" data-start-index=\"671\"> zur Verf\u00fcgung stellt.<\/span><\/li><li><span class=\"ng-star-inserted\" data-start-index=\"693\"> Dadurch sollen die Zellen <\/span><span class=\"bold ng-star-inserted\" data-start-index=\"720\">&#8222;aufbl\u00fchen&#8220;<\/span><span class=\"ng-star-inserted\" data-start-index=\"731\">, sich <\/span><span class=\"bold ng-star-inserted\" data-start-index=\"738\">&#8222;von Giftstoffen und Ablagerungen befreien&#8220;<\/span><span class=\"ng-star-inserted\" data-start-index=\"781\"> und sich <\/span><span class=\"bold ng-star-inserted\" data-start-index=\"791\">&#8222;neu programmieren&#8220;<\/span><span class=\"ng-star-inserted\" data-start-index=\"810\">.<\/span><span class=\"ng-star-inserted\" data-start-index=\"811\"> Dies wird als <\/span><span class=\"bold ng-star-inserted\" data-start-index=\"826\">&#8222;wahrer Prozess der Zellerneuerung&#8220;<\/span><span class=\"ng-star-inserted\" data-start-index=\"861\"> bezeichnet.<\/span><\/li><\/ul>\t\t\t\t\t\t\t\t<\/div>\n\t\t\t\t<\/div>\n\t\t\t\t<\/div>\n\t\t\t\t<\/div>\n\t\t\t\t<div class=\"elementor-element elementor-element-72c4fc2 elementor-widget-divider--view-line elementor-widget elementor-widget-divider\" data-id=\"72c4fc2\" data-element_type=\"widget\" data-e-type=\"widget\" data-widget_type=\"divider.default\">\n\t\t\t\t<div class=\"elementor-widget-container\">\n\t\t\t\t\t\t\t<div class=\"elementor-divider\">\n\t\t\t<span class=\"elementor-divider-separator\">\n\t\t\t\t\t\t<\/span>\n\t\t<\/div>\n\t\t\t\t\t\t<\/div>\n\t\t\t\t<\/div>\n\t\t\t\t<div class=\"elementor-element elementor-element-adf64c6 elementor-widget elementor-widget-text-editor\" data-id=\"adf64c6\" data-element_type=\"widget\" data-e-type=\"widget\" data-widget_type=\"text-editor.default\">\n\t\t\t\t<div class=\"elementor-widget-container\">\n\t\t\t\t\t\t\t\t\t<p style=\"text-align: center;\"><strong>George Lakhovsky (<em>Lakhovsky Antenne)<\/em><\/strong><\/p><ul><li style=\"text-align: left;\">Die Lakhovsky-Antenne, benannt nach dem russisch-franz\u00f6sischen Ingenieur Georges Lakhovsky, ist ein faszinierendes Ger\u00e4t, das auf den Prinzipien der Schwingungs- und Resonanzfrequenzen beruht. Es wird angenommen, dass diese Antenne zur F\u00f6rderung der Gesundheit und zur Steigerung des Wohlbefindens beitragen kann. Die Funktionsweise der Lakhovsky-Antenne beruht auf dem Konzept, dass jede Zelle und jedes Organ im menschlichen K\u00f6rper eine spezifische elektromagnetische Frequenz hat.<\/li><li>Die Antenne selbst besteht aus mehreren miteinander verbundenen Ringen aus Kupferdraht, die in spezifischen geometrischen Mustern angeordnet sind. Die Formen dieser Ringe \u00e4hneln oft der Blume des Lebens oder anderen heiligen geometrischen Figuren. Die sorgf\u00e4ltige Konstruktion dieser Ringe erm\u00f6glicht es der Antenne, elektromagnetische Wellen sowohl aus der Umgebung als auch vom K\u00f6rper selbst einzufangen und zu verst\u00e4rken.<\/li><li>Die Arbeitsweise der Lakhovsky-Antenne basiert auf dem Prinzip der Resonanz. Jedes Organ und jede Zelle im K\u00f6rper hat eine charakteristische Frequenz, die bei optimaler Gesundheit in Harmonie schwingt. Krankheiten, Stress und Umweltfaktoren k\u00f6nnen diese Schwingungen jedoch st\u00f6ren und zu Ungleichgewichten f\u00fchren.<\/li><li>Indem die Lakhovsky-Antenne diese nat\u00fcrlichen Frequenzen einf\u00e4ngt und verst\u00e4rkt, soll sie den K\u00f6rper dabei unterst\u00fctzen, in seinen harmonischen Zustand zur\u00fcckzufinden. Die verst\u00e4rkten Schwingungen werden dann \u00fcbertragen, um die gest\u00f6rten Zellen zu stimulieren und die Selbstheilungskr\u00e4fte zu aktivieren. Es wird angenommen, dass dies zur Verbesserung des Energieflusses im K\u00f6rper und zur St\u00e4rkung des Immunsystems f\u00fchrt.<\/li><li>Anwender berichten von verschiedenen positiven Auswirkungen der Lakhovsky-Antenne, darunter eine gesteigerte Vitalit\u00e4t, ein verbessertes Wohlbefinden und eine schnellere Erholung von Krankheiten. Es ist wichtig zu betonen, dass die Lakhovsky-Antenne keine medizinische Behandlung ersetzen kann und sie von der wissenschaftlichen Gemeinschaft nicht als nachgewiesene Therapie anerkannt wird.<\/li><\/ul>\t\t\t\t\t\t\t\t<\/div>\n\t\t\t\t<\/div>\n\t\t\t\t<div class=\"elementor-element elementor-element-e03ae55 elementor-widget elementor-widget-heading\" data-id=\"e03ae55\" data-element_type=\"widget\" data-e-type=\"widget\" data-widget_type=\"heading.default\">\n\t\t\t\t<div class=\"elementor-widget-container\">\n\t\t\t\t\t<h2 class=\"elementor-heading-title elementor-size-default\">Testimonials<\/h2>\t\t\t\t<\/div>\n\t\t\t\t<\/div>\n\t\t\t\t<div class=\"elementor-element elementor-element-ce9ea67 elementor-widget-divider--view-line elementor-widget elementor-widget-divider\" data-id=\"ce9ea67\" data-element_type=\"widget\" data-e-type=\"widget\" data-widget_type=\"divider.default\">\n\t\t\t\t<div class=\"elementor-widget-container\">\n\t\t\t\t\t\t\t<div class=\"elementor-divider\">\n\t\t\t<span class=\"elementor-divider-separator\">\n\t\t\t\t\t\t<\/span>\n\t\t<\/div>\n\t\t\t\t\t\t<\/div>\n\t\t\t\t<\/div>\n\t\t<div class=\"elementor-element elementor-element-5841d83 e-con-full e-flex e-con e-child\" data-id=\"5841d83\" data-element_type=\"container\" data-e-type=\"container\">\n\t\t<div class=\"elementor-element elementor-element-5464e36 e-con-full e-flex e-con e-child\" data-id=\"5464e36\" data-element_type=\"container\" data-e-type=\"container\">\n\t\t\t\t<div class=\"elementor-element elementor-element-85adec0 elementor-widget__width-initial elementor-widget elementor-widget-image\" data-id=\"85adec0\" data-element_type=\"widget\" data-e-type=\"widget\" data-widget_type=\"image.default\">\n\t\t\t\t<div class=\"elementor-widget-container\">\n\t\t\t\t\t\t\t\t\t\t\t\t<figure class=\"wp-caption\">\n\t\t\t\t\t\t\t\t\t\t<img decoding=\"async\" width=\"795\" height=\"384\" src=\"https:\/\/i0.wp.com\/www.zendawave.com\/wp-content\/uploads\/2024\/12\/Apotheken-Warentest.png?fit=795%2C384&amp;ssl=1\" class=\"attachment-large size-large wp-image-682\" alt=\"\" srcset=\"https:\/\/i0.wp.com\/www.zendawave.com\/wp-content\/uploads\/2024\/12\/Apotheken-Warentest.png?w=795&amp;ssl=1 795w, https:\/\/i0.wp.com\/www.zendawave.com\/wp-content\/uploads\/2024\/12\/Apotheken-Warentest.png?resize=300%2C145&amp;ssl=1 300w, https:\/\/i0.wp.com\/www.zendawave.com\/wp-content\/uploads\/2024\/12\/Apotheken-Warentest.png?resize=768%2C371&amp;ssl=1 768w, https:\/\/i0.wp.com\/www.zendawave.com\/wp-content\/uploads\/2024\/12\/Apotheken-Warentest.png?resize=600%2C290&amp;ssl=1 600w\" sizes=\"(max-width: 795px) 100vw, 795px\" \/>\t\t\t\t\t\t\t\t\t\t\t<figcaption class=\"widget-image-caption wp-caption-text\">Artikel \"ZENDA Wave Test &amp; Erfahrungen\"<\/figcaption>\n\t\t\t\t\t\t\t\t\t\t<\/figure>\n\t\t\t\t\t\t\t\t\t<\/div>\n\t\t\t\t<\/div>\n\t\t\t\t<div class=\"elementor-element elementor-element-d30e46f elementor-widget elementor-widget-image\" data-id=\"d30e46f\" data-element_type=\"widget\" data-e-type=\"widget\" data-widget_type=\"image.default\">\n\t\t\t\t<div class=\"elementor-widget-container\">\n\t\t\t\t\t\t\t\t\t\t\t\t\t\t\t<img decoding=\"async\" width=\"800\" height=\"468\" src=\"https:\/\/i0.wp.com\/www.zendawave.com\/wp-content\/uploads\/2024\/12\/Testergebnis.png?fit=800%2C468&amp;ssl=1\" class=\"attachment-large size-large wp-image-689\" alt=\"\" srcset=\"https:\/\/i0.wp.com\/www.zendawave.com\/wp-content\/uploads\/2024\/12\/Testergebnis.png?w=841&amp;ssl=1 841w, https:\/\/i0.wp.com\/www.zendawave.com\/wp-content\/uploads\/2024\/12\/Testergebnis.png?resize=300%2C176&amp;ssl=1 300w, https:\/\/i0.wp.com\/www.zendawave.com\/wp-content\/uploads\/2024\/12\/Testergebnis.png?resize=768%2C449&amp;ssl=1 768w, https:\/\/i0.wp.com\/www.zendawave.com\/wp-content\/uploads\/2024\/12\/Testergebnis.png?resize=600%2C351&amp;ssl=1 600w\" sizes=\"(max-width: 800px) 100vw, 800px\" \/>\t\t\t\t\t\t\t\t\t\t\t\t\t\t\t<\/div>\n\t\t\t\t<\/div>\n\t\t\t\t<\/div>\n\t\t\t\t<\/div>\n\t\t\t\t\t<\/div>\n\t\t\t\t<\/div>\n\t\t\t\t<\/div>\n\t\t","protected":false},"excerpt":{"rendered":"<p>Wissen Wie funktioniert diese Technologie Der Multiwellen-Oszillator (MWO) in Form einer speziellen Dipol-Antenne spielt eine zentrale Rolle bei unseren Produkten. Er wird als &#8222;Herzst\u00fcck&#8220; und &#8222;revolution\u00e4res Ger\u00e4t&#8220; bezeichnet, das auf den Erkenntnissen von Georges Lakhovsky und Nikola Tesla basiert. Der MWO soll die Zellen des K\u00f6rpers auf zellul\u00e4rer Ebene unterst\u00fctzen und revitalisieren. Der MWO funktioniert [&hellip;]<\/p>\n","protected":false},"author":1,"featured_media":0,"parent":0,"menu_order":0,"comment_status":"closed","ping_status":"closed","template":"","meta":{"footnotes":""},"class_list":["post-83","page","type-page","status-publish","hentry"],"yoast_head":"<!-- This site is optimized with the Yoast SEO Premium plugin v26.2 (Yoast SEO v26.8) - https:\/\/yoast.com\/product\/yoast-seo-premium-wordpress\/ -->\n<title>Wissen - Zendawave<\/title>\n<meta name=\"robots\" content=\"index, follow, max-snippet:-1, max-image-preview:large, max-video-preview:-1\" \/>\n<link rel=\"canonical\" href=\"https:\/\/www.zendawave.com\/?page_id=83\" \/>\n<meta property=\"og:locale\" content=\"de_DE\" \/>\n<meta property=\"og:type\" content=\"article\" \/>\n<meta property=\"og:title\" content=\"Wissen\" \/>\n<meta property=\"og:description\" content=\"Wissen Wie funktioniert diese Technologie Der Multiwellen-Oszillator (MWO) in Form einer speziellen Dipol-Antenne spielt eine zentrale Rolle bei unseren Produkten. Er wird als &#8222;Herzst\u00fcck&#8220; und &#8222;revolution\u00e4res Ger\u00e4t&#8220; bezeichnet, das auf den Erkenntnissen von Georges Lakhovsky und Nikola Tesla basiert. Der MWO soll die Zellen des K\u00f6rpers auf zellul\u00e4rer Ebene unterst\u00fctzen und revitalisieren. Der MWO funktioniert [&hellip;]\" \/>\n<meta property=\"og:url\" content=\"https:\/\/www.zendawave.com\/?page_id=83\" \/>\n<meta property=\"og:site_name\" content=\"Zendawave\" \/>\n<meta property=\"article:modified_time\" content=\"2025-09-23T11:10:04+00:00\" \/>\n<meta property=\"og:image\" content=\"https:\/\/www.zendawave.com\/wp-content\/uploads\/2024\/12\/Plate-scaled-e1734191953845-1024x1001.webp\" \/>\n<meta name=\"twitter:card\" content=\"summary_large_image\" \/>\n<meta name=\"twitter:label1\" content=\"Gesch\u00e4tzte Lesezeit\" \/>\n\t<meta name=\"twitter:data1\" content=\"3\u00a0Minuten\" \/>\n<script type=\"application\/ld+json\" class=\"yoast-schema-graph\">{\"@context\":\"https:\/\/schema.org\",\"@graph\":[{\"@type\":\"WebPage\",\"@id\":\"https:\/\/www.zendawave.com\/?page_id=83\",\"url\":\"https:\/\/www.zendawave.com\/?page_id=83\",\"name\":\"Wissen - Zendawave\",\"isPartOf\":{\"@id\":\"https:\/\/www.zendawave.com\/#website\"},\"primaryImageOfPage\":{\"@id\":\"https:\/\/www.zendawave.com\/?page_id=83#primaryimage\"},\"image\":{\"@id\":\"https:\/\/www.zendawave.com\/?page_id=83#primaryimage\"},\"thumbnailUrl\":\"https:\/\/www.zendawave.com\/wp-content\/uploads\/2024\/12\/Plate-scaled-e1734191953845-1024x1001.webp\",\"datePublished\":\"2024-12-10T09:11:32+00:00\",\"dateModified\":\"2025-09-23T11:10:04+00:00\",\"breadcrumb\":{\"@id\":\"https:\/\/www.zendawave.com\/?page_id=83#breadcrumb\"},\"inLanguage\":\"de\",\"potentialAction\":[{\"@type\":\"ReadAction\",\"target\":[\"https:\/\/www.zendawave.com\/?page_id=83\"]}]},{\"@type\":\"ImageObject\",\"inLanguage\":\"de\",\"@id\":\"https:\/\/www.zendawave.com\/?page_id=83#primaryimage\",\"url\":\"https:\/\/www.zendawave.com\/wp-content\/uploads\/2024\/12\/Plate-scaled-e1734191953845-1024x1001.webp\",\"contentUrl\":\"https:\/\/www.zendawave.com\/wp-content\/uploads\/2024\/12\/Plate-scaled-e1734191953845-1024x1001.webp\"},{\"@type\":\"BreadcrumbList\",\"@id\":\"https:\/\/www.zendawave.com\/?page_id=83#breadcrumb\",\"itemListElement\":[{\"@type\":\"ListItem\",\"position\":1,\"name\":\"Startseite\",\"item\":\"https:\/\/www.zendawave.com\/\"},{\"@type\":\"ListItem\",\"position\":2,\"name\":\"Wissen\"}]},{\"@type\":\"WebSite\",\"@id\":\"https:\/\/www.zendawave.com\/#website\",\"url\":\"https:\/\/www.zendawave.com\/\",\"name\":\"Zendawave\",\"description\":\"Hochwertige Wellness &amp; Gesundheitsartikel\",\"publisher\":{\"@id\":\"https:\/\/www.zendawave.com\/#organization\"},\"potentialAction\":[{\"@type\":\"SearchAction\",\"target\":{\"@type\":\"EntryPoint\",\"urlTemplate\":\"https:\/\/www.zendawave.com\/?s={search_term_string}\"},\"query-input\":{\"@type\":\"PropertyValueSpecification\",\"valueRequired\":true,\"valueName\":\"search_term_string\"}}],\"inLanguage\":\"de\"},{\"@type\":\"Organization\",\"@id\":\"https:\/\/www.zendawave.com\/#organization\",\"name\":\"Zendawave\",\"url\":\"https:\/\/www.zendawave.com\/\",\"logo\":{\"@type\":\"ImageObject\",\"inLanguage\":\"de\",\"@id\":\"https:\/\/www.zendawave.com\/#\/schema\/logo\/image\/\",\"url\":\"https:\/\/i0.wp.com\/www.zendawave.com\/wp-content\/uploads\/2024\/12\/Logo_final.png?fit=1066%2C159&ssl=1\",\"contentUrl\":\"https:\/\/i0.wp.com\/www.zendawave.com\/wp-content\/uploads\/2024\/12\/Logo_final.png?fit=1066%2C159&ssl=1\",\"width\":1066,\"height\":159,\"caption\":\"Zendawave\"},\"image\":{\"@id\":\"https:\/\/www.zendawave.com\/#\/schema\/logo\/image\/\"},\"description\":\"Herstellung & Produktion von hochwertigen Glas & Laserprodukten\",\"email\":\"support@zendawave.com\",\"telephone\":\"+49 39401632650\",\"legalName\":\"Ikoha Import & Export GmbH\",\"vatID\":\"DE136770671\",\"numberOfEmployees\":{\"@type\":\"QuantitativeValue\",\"minValue\":\"1\",\"maxValue\":\"10\"}}]}<\/script>\n<!-- \/ Yoast SEO Premium plugin. -->","yoast_head_json":{"title":"Wissen - Zendawave","robots":{"index":"index","follow":"follow","max-snippet":"max-snippet:-1","max-image-preview":"max-image-preview:large","max-video-preview":"max-video-preview:-1"},"canonical":"https:\/\/www.zendawave.com\/?page_id=83","og_locale":"de_DE","og_type":"article","og_title":"Wissen","og_description":"Wissen Wie funktioniert diese Technologie Der Multiwellen-Oszillator (MWO) in Form einer speziellen Dipol-Antenne spielt eine zentrale Rolle bei unseren Produkten. Er wird als &#8222;Herzst\u00fcck&#8220; und &#8222;revolution\u00e4res Ger\u00e4t&#8220; bezeichnet, das auf den Erkenntnissen von Georges Lakhovsky und Nikola Tesla basiert. Der MWO soll die Zellen des K\u00f6rpers auf zellul\u00e4rer Ebene unterst\u00fctzen und revitalisieren. Der MWO funktioniert [&hellip;]","og_url":"https:\/\/www.zendawave.com\/?page_id=83","og_site_name":"Zendawave","article_modified_time":"2025-09-23T11:10:04+00:00","og_image":[{"url":"https:\/\/www.zendawave.com\/wp-content\/uploads\/2024\/12\/Plate-scaled-e1734191953845-1024x1001.webp","type":"","width":"","height":""}],"twitter_card":"summary_large_image","twitter_misc":{"Gesch\u00e4tzte Lesezeit":"3\u00a0Minuten"},"schema":{"@context":"https:\/\/schema.org","@graph":[{"@type":"WebPage","@id":"https:\/\/www.zendawave.com\/?page_id=83","url":"https:\/\/www.zendawave.com\/?page_id=83","name":"Wissen - Zendawave","isPartOf":{"@id":"https:\/\/www.zendawave.com\/#website"},"primaryImageOfPage":{"@id":"https:\/\/www.zendawave.com\/?page_id=83#primaryimage"},"image":{"@id":"https:\/\/www.zendawave.com\/?page_id=83#primaryimage"},"thumbnailUrl":"https:\/\/www.zendawave.com\/wp-content\/uploads\/2024\/12\/Plate-scaled-e1734191953845-1024x1001.webp","datePublished":"2024-12-10T09:11:32+00:00","dateModified":"2025-09-23T11:10:04+00:00","breadcrumb":{"@id":"https:\/\/www.zendawave.com\/?page_id=83#breadcrumb"},"inLanguage":"de","potentialAction":[{"@type":"ReadAction","target":["https:\/\/www.zendawave.com\/?page_id=83"]}]},{"@type":"ImageObject","inLanguage":"de","@id":"https:\/\/www.zendawave.com\/?page_id=83#primaryimage","url":"https:\/\/www.zendawave.com\/wp-content\/uploads\/2024\/12\/Plate-scaled-e1734191953845-1024x1001.webp","contentUrl":"https:\/\/www.zendawave.com\/wp-content\/uploads\/2024\/12\/Plate-scaled-e1734191953845-1024x1001.webp"},{"@type":"BreadcrumbList","@id":"https:\/\/www.zendawave.com\/?page_id=83#breadcrumb","itemListElement":[{"@type":"ListItem","position":1,"name":"Startseite","item":"https:\/\/www.zendawave.com\/"},{"@type":"ListItem","position":2,"name":"Wissen"}]},{"@type":"WebSite","@id":"https:\/\/www.zendawave.com\/#website","url":"https:\/\/www.zendawave.com\/","name":"Zendawave","description":"Hochwertige Wellness &amp; Gesundheitsartikel","publisher":{"@id":"https:\/\/www.zendawave.com\/#organization"},"potentialAction":[{"@type":"SearchAction","target":{"@type":"EntryPoint","urlTemplate":"https:\/\/www.zendawave.com\/?s={search_term_string}"},"query-input":{"@type":"PropertyValueSpecification","valueRequired":true,"valueName":"search_term_string"}}],"inLanguage":"de"},{"@type":"Organization","@id":"https:\/\/www.zendawave.com\/#organization","name":"Zendawave","url":"https:\/\/www.zendawave.com\/","logo":{"@type":"ImageObject","inLanguage":"de","@id":"https:\/\/www.zendawave.com\/#\/schema\/logo\/image\/","url":"https:\/\/i0.wp.com\/www.zendawave.com\/wp-content\/uploads\/2024\/12\/Logo_final.png?fit=1066%2C159&ssl=1","contentUrl":"https:\/\/i0.wp.com\/www.zendawave.com\/wp-content\/uploads\/2024\/12\/Logo_final.png?fit=1066%2C159&ssl=1","width":1066,"height":159,"caption":"Zendawave"},"image":{"@id":"https:\/\/www.zendawave.com\/#\/schema\/logo\/image\/"},"description":"Herstellung & Produktion von hochwertigen Glas & Laserprodukten","email":"support@zendawave.com","telephone":"+49 39401632650","legalName":"Ikoha Import & Export GmbH","vatID":"DE136770671","numberOfEmployees":{"@type":"QuantitativeValue","minValue":"1","maxValue":"10"}}]}},"jetpack_sharing_enabled":true,"_links":{"self":[{"href":"https:\/\/www.zendawave.com\/index.php?rest_route=\/wp\/v2\/pages\/83","targetHints":{"allow":["GET"]}}],"collection":[{"href":"https:\/\/www.zendawave.com\/index.php?rest_route=\/wp\/v2\/pages"}],"about":[{"href":"https:\/\/www.zendawave.com\/index.php?rest_route=\/wp\/v2\/types\/page"}],"author":[{"embeddable":true,"href":"https:\/\/www.zendawave.com\/index.php?rest_route=\/wp\/v2\/users\/1"}],"replies":[{"embeddable":true,"href":"https:\/\/www.zendawave.com\/index.php?rest_route=%2Fwp%2Fv2%2Fcomments&post=83"}],"version-history":[{"count":73,"href":"https:\/\/www.zendawave.com\/index.php?rest_route=\/wp\/v2\/pages\/83\/revisions"}],"predecessor-version":[{"id":970,"href":"https:\/\/www.zendawave.com\/index.php?rest_route=\/wp\/v2\/pages\/83\/revisions\/970"}],"wp:attachment":[{"href":"https:\/\/www.zendawave.com\/index.php?rest_route=%2Fwp%2Fv2%2Fmedia&parent=83"}],"curies":[{"name":"wp","href":"https:\/\/api.w.org\/{rel}","templated":true}]}}